{"id":493,"date":"2025-09-07T21:46:46","date_gmt":"2025-09-07T21:46:46","guid":{"rendered":"https:\/\/wonderstay.dk\/?page_id=493"},"modified":"2025-09-07T21:47:28","modified_gmt":"2025-09-07T21:47:28","slug":"hausregeln","status":"publish","type":"page","link":"https:\/\/wonderstay.dk\/de\/hausregeln\/","title":{"rendered":"Hausordnung"},"content":{"rendered":"<h1 data-pm-slice=\"0 0 []\">Hausordnung<\/h1>\n<p data-pm-slice=\"0 0 []\"><strong>\ud83c\udf89 Partys oder Veranstaltungen<\/strong><br \/>\n\u274c Partys und Veranstaltungen sind nicht gestattet.<\/p>\n<p><strong>\ud83d\udc36 Haustiere<\/strong><br \/>\n\u274c Haustiere sind nicht erlaubt.<\/p>\n<p><strong>Nicht registrierte G\u00e4ste<\/strong><br \/>\n\u274c Nicht registrierte G\u00e4ste sind nicht erlaubt.<\/p>\n<p><strong>\ud83d\udd07 Laute Ger\u00e4usche<\/strong><br \/>\n\u274c Keine lauten Ger\u00e4usche oder Musik nach 21:00 Uhr.<\/p>\n<p><strong>\ud83d\udc5f Schuhe<\/strong><br \/>\n\u2705 Bitte ziehen Sie Ihre Schuhe im Eingangsbereich aus.<\/p>\n<p><strong>\ud83d\udc4d Behandeln Sie die Dinge richtig<\/strong><br \/>\n\u2705 Behandeln Sie die Dinge richtig. K\u00fcmmern Sie sich um das Inventar.<br \/>\n\u274c Verschieben Sie die M\u00f6bel nicht \u2013 und wenn doch, m\u00fcssen sie beim Verlassen der Immobilie wieder an ihren urspr\u00fcnglichen Platz zur\u00fcckgestellt werden.<\/p>\n<p><strong>\ud83e\uddfc Schmutziges Geschirr in die Sp\u00fclmaschine geben<\/strong><br \/>\nEs gibt eine Sp\u00fclmaschine. Bitte r\u00e4umen Sie das schmutzige Geschirr ein und starten Sie die Maschine vor Ihrer Abreise oder sp\u00fclen Sie es per Hand in der Sp\u00fcle.<\/p>\n<p><strong>Essen und Trinken<\/strong><br \/>\n\u26a0\ufe0f Bitte essen und trinken Sie nicht in den Schlafzimmern.<br \/>\n\u2705 Bitte essen Sie am Esstisch oder im Wohnzimmer am Couchtisch.<\/p>\n<p><strong>\ud83c\udf7a Alkoholische Getr\u00e4nke<\/strong><br \/>\n\u274c Alkohol ist nicht in gro\u00dfen Mengen erlaubt. \u00dcberm\u00e4\u00dfiger Alkoholkonsum ist nicht gestattet.<\/p>\n<p><strong>Rauchen<\/strong><br \/>\n\u274c Rauchen ist in der Wohnung nicht gestattet. Gerne k\u00f6nnen Sie drau\u00dfen am Eingang rauchen. Stellen Sie sicher, dass die T\u00fcr geschlossen ist.<\/p>\n<p><strong>Sp\u00e4ter Check-in\/Check-out<\/strong><br \/>\n\u26a0\ufe0f Bitte beachten Sie die Check-in- und Check-out-Regeln.<br \/>\n\u26a0\ufe0f Fragen Sie den Gastgeber zuerst nach einem sp\u00e4ten Check-out.<\/p>","protected":false},"excerpt":{"rendered":"<p>Hausregeln \ud83c\udf89 Partys oder Veranstaltungen \u274c Partys und Veranstaltungen sind nicht erlaubt. \ud83d\udc36 Haustiere \u274c Haustiere sind nicht erlaubt. Nicht angemeldete G\u00e4ste \u274c [\u2026]<\/p>","protected":false},"author":1,"featured_media":0,"parent":0,"menu_order":0,"comment_status":"closed","ping_status":"closed","template":"","meta":{"footnotes":""},"class_list":["post-493","page","type-page","status-publish","hentry"],"yoast_head":"<!-- This site is optimized with the Yoast SEO plugin v26.6 - https:\/\/yoast.com\/wordpress\/plugins\/seo\/ -->\n<title>Husregler - Wonderstay Housing<\/title>\n<meta name=\"robots\" content=\"index, follow, max-snippet:-1, max-image-preview:large, max-video-preview:-1\" \/>\n<link rel=\"canonical\" href=\"https:\/\/wonderstay.dk\/de\/hausregeln\/\" \/>\n<meta property=\"og:locale\" content=\"de_DE\" \/>\n<meta property=\"og:type\" content=\"article\" \/>\n<meta property=\"og:title\" content=\"Husregler - Wonderstay Housing\" \/>\n<meta property=\"og:description\" content=\"Husregler \ud83c\udf89 Fester eller arrangementer \u274c Ingen fester eller arrangementer er tilladt. \ud83d\udc36 K\u00e6ledyr \u274c K\u00e6ledyr er ikke tilladt. Uregistrerede g\u00e6ster \u274c [&hellip;]\" \/>\n<meta property=\"og:url\" content=\"https:\/\/wonderstay.dk\/de\/hausregeln\/\" \/>\n<meta property=\"og:site_name\" content=\"Wonderstay Housing\" \/>\n<meta property=\"article:modified_time\" content=\"2025-09-07T21:47:28+00:00\" \/>\n<meta name=\"twitter:card\" content=\"summary_large_image\" \/>\n<meta name=\"twitter:label1\" content=\"Gesch\u00e4tzte Lesezeit\" \/>\n\t<meta name=\"twitter:data1\" content=\"1\u00a0Minute\" \/>\n<script type=\"application\/ld+json\" class=\"yoast-schema-graph\">{\"@context\":\"https:\/\/schema.org\",\"@graph\":[{\"@type\":\"WebPage\",\"@id\":\"https:\/\/wonderstay.dk\/husregler\/\",\"url\":\"https:\/\/wonderstay.dk\/husregler\/\",\"name\":\"Husregler - Wonderstay Housing\",\"isPartOf\":{\"@id\":\"https:\/\/wonderstay.dk\/#website\"},\"datePublished\":\"2025-09-07T21:46:46+00:00\",\"dateModified\":\"2025-09-07T21:47:28+00:00\",\"breadcrumb\":{\"@id\":\"https:\/\/wonderstay.dk\/husregler\/#breadcrumb\"},\"inLanguage\":\"de\",\"potentialAction\":[{\"@type\":\"ReadAction\",\"target\":[\"https:\/\/wonderstay.dk\/husregler\/\"]}]},{\"@type\":\"BreadcrumbList\",\"@id\":\"https:\/\/wonderstay.dk\/husregler\/#breadcrumb\",\"itemListElement\":[{\"@type\":\"ListItem\",\"position\":1,\"name\":\"Home\",\"item\":\"https:\/\/wonderstay.dk\/\"},{\"@type\":\"ListItem\",\"position\":2,\"name\":\"Husregler\"}]},{\"@type\":\"WebSite\",\"@id\":\"https:\/\/wonderstay.dk\/#website\",\"url\":\"https:\/\/wonderstay.dk\/\",\"name\":\"Wonderstay Housing\",\"description\":\"Wonderstay\",\"potentialAction\":[{\"@type\":\"SearchAction\",\"target\":{\"@type\":\"EntryPoint\",\"urlTemplate\":\"https:\/\/wonderstay.dk\/?s={search_term_string}\"},\"query-input\":{\"@type\":\"PropertyValueSpecification\",\"valueRequired\":true,\"valueName\":\"search_term_string\"}}],\"inLanguage\":\"de\"}]}<\/script>\n<!-- \/ Yoast SEO plugin. -->","yoast_head_json":{"title":"Hausordnung - Wonderstay Housing","robots":{"index":"index","follow":"follow","max-snippet":"max-snippet:-1","max-image-preview":"max-image-preview:large","max-video-preview":"max-video-preview:-1"},"canonical":"https:\/\/wonderstay.dk\/de\/hausregeln\/","og_locale":"de_DE","og_type":"article","og_title":"Husregler - Wonderstay Housing","og_description":"Husregler \ud83c\udf89 Fester eller arrangementer \u274c Ingen fester eller arrangementer er tilladt. \ud83d\udc36 K\u00e6ledyr \u274c K\u00e6ledyr er ikke tilladt. Uregistrerede g\u00e6ster \u274c [&hellip;]","og_url":"https:\/\/wonderstay.dk\/de\/hausregeln\/","og_site_name":"Wonderstay Housing","article_modified_time":"2025-09-07T21:47:28+00:00","twitter_card":"summary_large_image","twitter_misc":{"Gesch\u00e4tzte Lesezeit":"1\u00a0Minute"},"schema":{"@context":"https:\/\/schema.org","@graph":[{"@type":"WebPage","@id":"https:\/\/wonderstay.dk\/husregler\/","url":"https:\/\/wonderstay.dk\/husregler\/","name":"Hausordnung - Wonderstay Housing","isPartOf":{"@id":"https:\/\/wonderstay.dk\/#website"},"datePublished":"2025-09-07T21:46:46+00:00","dateModified":"2025-09-07T21:47:28+00:00","breadcrumb":{"@id":"https:\/\/wonderstay.dk\/husregler\/#breadcrumb"},"inLanguage":"de","potentialAction":[{"@type":"ReadAction","target":["https:\/\/wonderstay.dk\/husregler\/"]}]},{"@type":"BreadcrumbList","@id":"https:\/\/wonderstay.dk\/husregler\/#breadcrumb","itemListElement":[{"@type":"ListItem","position":1,"name":"Home","item":"https:\/\/wonderstay.dk\/"},{"@type":"ListItem","position":2,"name":"Husregler"}]},{"@type":"WebSite","@id":"https:\/\/wonderstay.dk\/#website","url":"https:\/\/wonderstay.dk\/","name":"Wonderstay Geh\u00e4use","description":"Wonderstay","potentialAction":[{"@type":"SearchAction","target":{"@type":"EntryPoint","urlTemplate":"https:\/\/wonderstay.dk\/?s={search_term_string}"},"query-input":{"@type":"PropertyValueSpecification","valueRequired":true,"valueName":"search_term_string"}}],"inLanguage":"de"}]}},"_links":{"self":[{"href":"https:\/\/wonderstay.dk\/de\/wp-json\/wp\/v2\/pages\/493","targetHints":{"allow":["GET"]}}],"collection":[{"href":"https:\/\/wonderstay.dk\/de\/wp-json\/wp\/v2\/pages"}],"about":[{"href":"https:\/\/wonderstay.dk\/de\/wp-json\/wp\/v2\/types\/page"}],"author":[{"embeddable":true,"href":"https:\/\/wonderstay.dk\/de\/wp-json\/wp\/v2\/users\/1"}],"replies":[{"embeddable":true,"href":"https:\/\/wonderstay.dk\/de\/wp-json\/wp\/v2\/comments?post=493"}],"version-history":[{"count":2,"href":"https:\/\/wonderstay.dk\/de\/wp-json\/wp\/v2\/pages\/493\/revisions"}],"predecessor-version":[{"id":495,"href":"https:\/\/wonderstay.dk\/de\/wp-json\/wp\/v2\/pages\/493\/revisions\/495"}],"wp:attachment":[{"href":"https:\/\/wonderstay.dk\/de\/wp-json\/wp\/v2\/media?parent=493"}],"curies":[{"name":"wp","href":"https:\/\/api.w.org\/{rel}","templated":true}]}}