{"id":493,"date":"2025-09-07T21:46:46","date_gmt":"2025-09-07T21:46:46","guid":{"rendered":"https:\/\/wonderstay.dk\/?page_id=493"},"modified":"2025-09-07T21:47:28","modified_gmt":"2025-09-07T21:47:28","slug":"majareeglid","status":"publish","type":"page","link":"https:\/\/wonderstay.dk\/et\/majareeglid\/","title":{"rendered":"Majareeglid"},"content":{"rendered":"<h1 data-pm-slice=\"0 0 []\">Majareeglid<\/h1>\n<p data-pm-slice=\"0 0 []\"><strong>\ud83c\udf89 Peod v\u00f5i \u00fcritused<\/strong><br \/>\n\u274c Peod ja \u00fcritused ei ole lubatud.<\/p>\n<p><strong>\ud83d\udc36 Lemmikloomad<\/strong><br \/>\n\u274cLemmikloomad ei ole lubatud.<\/p>\n<p><strong>Registreerimata k\u00fclalised<\/strong><br \/>\n\u274c Registreerimata k\u00fclalised ei ole lubatud.<\/p>\n<p><strong>\ud83d\udd07 Valjud helid<\/strong><br \/>\n\u274c P\u00e4rast kella 21.00 ei ole valju m\u00fcra ega muusika kuulamine lubatud.<\/p>\n<p><strong>\ud83d\udc5f Kingad<\/strong><br \/>\n\u2705 Palun v\u00f5tke esikus jalan\u00f5ud jalast.<\/p>\n<p><strong>\ud83d\udc4d Suhtu asjadesse \u00f5igesti<\/strong><br \/>\n\u2705 Hoolitse asjade eest.<br \/>\n\u274c \u00c4rge liigutage m\u00f6\u00f6blit ringi \u2013 ja kui te seda teete, tuleb see panna tagasi sinna, kus see oli teie lahkumisel.<\/p>\n<p><strong>\ud83e\uddfc Pane mustad n\u00f5ud n\u00f5udepesumasinasse<\/strong><br \/>\nN\u00f5udepesumasin on olemas. Palun pange mustad n\u00f5ud enne lahkumist masinasse ja k\u00e4ivitage see v\u00f5i peske neid k\u00e4sitsi kraanikausis.<\/p>\n<p><strong>Toit ja jook<\/strong><br \/>\n\u26a0\ufe0f Palun \u00e4rge s\u00f6\u00f6ge ega jooge magamistubades.<br \/>\n\u2705 Palun s\u00f6\u00f6ge s\u00f6\u00f6gilaua taga v\u00f5i elutoas kohvilaua taga.<\/p>\n<p><strong>\ud83c\udf7a Alkohoolsed joogid<\/strong><br \/>\n\u274c Alkoholi tarbimine suurtes kogustes ei ole lubatud. Liigne alkoholitarbimine ei ole lubatud.<\/p>\n<p><strong>Suitsetamine<\/strong><br \/>\n\u274c Korteris suitsetamine ei ole lubatud. Suitsetada v\u00f5ib \u00f5ues sissep\u00e4\u00e4su juures. Veenduge, et uks on suletud.<\/p>\n<p><strong>Hiline sisseregistreerimine\/v\u00e4ljaregistreerimine<\/strong><br \/>\n\u26a0\ufe0f Palun j\u00e4rgige sisse- ja v\u00e4ljaregistreerimise reegleid.<br \/>\n\u26a0\ufe0f Hilise v\u00e4ljaregistreerimise kohta k\u00fcsi esmalt v\u00f5\u00f5rustajalt.<\/p>","protected":false},"excerpt":{"rendered":"<p>Majareeglid \ud83c\udf89 Peod v\u00f5i \u00fcritused \u274c Peod ja \u00fcritused ei ole lubatud. \ud83d\udc36 Lemmikloomad \u274c Lemmikloomad ei ole lubatud. Registreerimata k\u00fclalised \u274c [\u2026]<\/p>","protected":false},"author":1,"featured_media":0,"parent":0,"menu_order":0,"comment_status":"closed","ping_status":"closed","template":"","meta":{"footnotes":""},"class_list":["post-493","page","type-page","status-publish","hentry"],"yoast_head":"<!-- This site is optimized with the Yoast SEO plugin v26.6 - https:\/\/yoast.com\/wordpress\/plugins\/seo\/ -->\n<title>Husregler - Wonderstay Housing<\/title>\n<meta name=\"robots\" content=\"index, follow, max-snippet:-1, max-image-preview:large, max-video-preview:-1\" \/>\n<link rel=\"canonical\" href=\"https:\/\/wonderstay.dk\/et\/majareeglid\/\" \/>\n<meta property=\"og:locale\" content=\"et_EE\" \/>\n<meta property=\"og:type\" content=\"article\" \/>\n<meta property=\"og:title\" content=\"Husregler - Wonderstay Housing\" \/>\n<meta property=\"og:description\" content=\"Husregler \ud83c\udf89 Fester eller arrangementer \u274c Ingen fester eller arrangementer er tilladt. \ud83d\udc36 K\u00e6ledyr \u274c K\u00e6ledyr er ikke tilladt. Uregistrerede g\u00e6ster \u274c [&hellip;]\" \/>\n<meta property=\"og:url\" content=\"https:\/\/wonderstay.dk\/et\/majareeglid\/\" \/>\n<meta property=\"og:site_name\" content=\"Wonderstay Housing\" \/>\n<meta property=\"article:modified_time\" content=\"2025-09-07T21:47:28+00:00\" \/>\n<meta name=\"twitter:card\" content=\"summary_large_image\" \/>\n<meta name=\"twitter:label1\" content=\"Est. reading time\" \/>\n\t<meta name=\"twitter:data1\" content=\"1 minut\" \/>\n<script type=\"application\/ld+json\" class=\"yoast-schema-graph\">{\"@context\":\"https:\/\/schema.org\",\"@graph\":[{\"@type\":\"WebPage\",\"@id\":\"https:\/\/wonderstay.dk\/husregler\/\",\"url\":\"https:\/\/wonderstay.dk\/husregler\/\",\"name\":\"Husregler - Wonderstay Housing\",\"isPartOf\":{\"@id\":\"https:\/\/wonderstay.dk\/#website\"},\"datePublished\":\"2025-09-07T21:46:46+00:00\",\"dateModified\":\"2025-09-07T21:47:28+00:00\",\"breadcrumb\":{\"@id\":\"https:\/\/wonderstay.dk\/husregler\/#breadcrumb\"},\"inLanguage\":\"et\",\"potentialAction\":[{\"@type\":\"ReadAction\",\"target\":[\"https:\/\/wonderstay.dk\/husregler\/\"]}]},{\"@type\":\"BreadcrumbList\",\"@id\":\"https:\/\/wonderstay.dk\/husregler\/#breadcrumb\",\"itemListElement\":[{\"@type\":\"ListItem\",\"position\":1,\"name\":\"Home\",\"item\":\"https:\/\/wonderstay.dk\/\"},{\"@type\":\"ListItem\",\"position\":2,\"name\":\"Husregler\"}]},{\"@type\":\"WebSite\",\"@id\":\"https:\/\/wonderstay.dk\/#website\",\"url\":\"https:\/\/wonderstay.dk\/\",\"name\":\"Wonderstay Housing\",\"description\":\"Wonderstay\",\"potentialAction\":[{\"@type\":\"SearchAction\",\"target\":{\"@type\":\"EntryPoint\",\"urlTemplate\":\"https:\/\/wonderstay.dk\/?s={search_term_string}\"},\"query-input\":{\"@type\":\"PropertyValueSpecification\",\"valueRequired\":true,\"valueName\":\"search_term_string\"}}],\"inLanguage\":\"et\"}]}<\/script>\n<!-- \/ Yoast SEO plugin. -->","yoast_head_json":{"title":"Majareeglid - Wonderstay Housing","robots":{"index":"index","follow":"follow","max-snippet":"max-snippet:-1","max-image-preview":"max-image-preview:large","max-video-preview":"max-video-preview:-1"},"canonical":"https:\/\/wonderstay.dk\/et\/majareeglid\/","og_locale":"et_EE","og_type":"article","og_title":"Husregler - Wonderstay Housing","og_description":"Husregler \ud83c\udf89 Fester eller arrangementer \u274c Ingen fester eller arrangementer er tilladt. \ud83d\udc36 K\u00e6ledyr \u274c K\u00e6ledyr er ikke tilladt. Uregistrerede g\u00e6ster \u274c [&hellip;]","og_url":"https:\/\/wonderstay.dk\/et\/majareeglid\/","og_site_name":"Wonderstay Housing","article_modified_time":"2025-09-07T21:47:28+00:00","twitter_card":"summary_large_image","twitter_misc":{"Est. reading time":"1 minut"},"schema":{"@context":"https:\/\/schema.org","@graph":[{"@type":"WebPage","@id":"https:\/\/wonderstay.dk\/husregler\/","url":"https:\/\/wonderstay.dk\/husregler\/","name":"Majareeglid - Wonderstay Housing","isPartOf":{"@id":"https:\/\/wonderstay.dk\/#website"},"datePublished":"2025-09-07T21:46:46+00:00","dateModified":"2025-09-07T21:47:28+00:00","breadcrumb":{"@id":"https:\/\/wonderstay.dk\/husregler\/#breadcrumb"},"inLanguage":"et","potentialAction":[{"@type":"ReadAction","target":["https:\/\/wonderstay.dk\/husregler\/"]}]},{"@type":"BreadcrumbList","@id":"https:\/\/wonderstay.dk\/husregler\/#breadcrumb","itemListElement":[{"@type":"ListItem","position":1,"name":"Home","item":"https:\/\/wonderstay.dk\/"},{"@type":"ListItem","position":2,"name":"Husregler"}]},{"@type":"WebSite","@id":"https:\/\/wonderstay.dk\/#website","url":"https:\/\/wonderstay.dk\/","name":"Wonderstay eluase","description":"Wonderstay","potentialAction":[{"@type":"SearchAction","target":{"@type":"EntryPoint","urlTemplate":"https:\/\/wonderstay.dk\/?s={search_term_string}"},"query-input":{"@type":"PropertyValueSpecification","valueRequired":true,"valueName":"search_term_string"}}],"inLanguage":"et"}]}},"_links":{"self":[{"href":"https:\/\/wonderstay.dk\/et\/wp-json\/wp\/v2\/pages\/493","targetHints":{"allow":["GET"]}}],"collection":[{"href":"https:\/\/wonderstay.dk\/et\/wp-json\/wp\/v2\/pages"}],"about":[{"href":"https:\/\/wonderstay.dk\/et\/wp-json\/wp\/v2\/types\/page"}],"author":[{"embeddable":true,"href":"https:\/\/wonderstay.dk\/et\/wp-json\/wp\/v2\/users\/1"}],"replies":[{"embeddable":true,"href":"https:\/\/wonderstay.dk\/et\/wp-json\/wp\/v2\/comments?post=493"}],"version-history":[{"count":2,"href":"https:\/\/wonderstay.dk\/et\/wp-json\/wp\/v2\/pages\/493\/revisions"}],"predecessor-version":[{"id":495,"href":"https:\/\/wonderstay.dk\/et\/wp-json\/wp\/v2\/pages\/493\/revisions\/495"}],"wp:attachment":[{"href":"https:\/\/wonderstay.dk\/et\/wp-json\/wp\/v2\/media?parent=493"}],"curies":[{"name":"t\u00f6\u00f6leht","href":"https:\/\/api.w.org\/{rel}","templated":true}]}}