{"id":493,"date":"2025-09-07T21:46:46","date_gmt":"2025-09-07T21:46:46","guid":{"rendered":"https:\/\/wonderstay.dk\/?page_id=493"},"modified":"2025-09-07T21:47:28","modified_gmt":"2025-09-07T21:47:28","slug":"talon-saannot","status":"publish","type":"page","link":"https:\/\/wonderstay.dk\/fi\/talon-saannot\/","title":{"rendered":"Talon s\u00e4\u00e4nn\u00f6t"},"content":{"rendered":"<h1 data-pm-slice=\"0 0 []\">Talon s\u00e4\u00e4nn\u00f6t<\/h1>\n<p data-pm-slice=\"0 0 []\"><strong>\ud83c\udf89 Juhlat tai tapahtumat<\/strong><br \/>\n\u274c Juhlien tai tapahtumien j\u00e4rjest\u00e4minen ei ole sallittua.<\/p>\n<p><strong>\ud83d\udc36 Lemmikit<\/strong><br \/>\n\u274cLemmikkiel\u00e4imet eiv\u00e4t ole sallittuja.<\/p>\n<p><strong>Rekister\u00f6im\u00e4tt\u00f6m\u00e4t vieraat<\/strong><br \/>\n\u274c Rekister\u00f6im\u00e4tt\u00f6m\u00e4t vieraat eiv\u00e4t ole sallittuja.<\/p>\n<p><strong>\ud83d\udd07 Kova\u00e4\u00e4niset \u00e4\u00e4net<\/strong><br \/>\n\u274c Ei kovaa \u00e4\u00e4nt\u00e4 tai musiikkia klo 21.00 j\u00e4lkeen.<\/p>\n<p><strong>\ud83d\udc5f Keng\u00e4t<\/strong><br \/>\n\u2705 Riisu keng\u00e4t jalasta eteisess\u00e4.<\/p>\n<p><strong>\ud83d\udc4d K\u00e4sittele asioita oikein<\/strong><br \/>\n\u2705 K\u00e4sittele tavaroita asianmukaisesti. Pid\u00e4 huolta varastosta.<br \/>\n\u274c \u00c4l\u00e4 siirtele huonekaluja \u2013 ja jos siirr\u00e4t, ne on palautettava takaisin niille paikoilleen, joissa ne olivat l\u00e4htiess\u00e4si asunnosta.<\/p>\n<p><strong>\ud83e\uddfc Laita likaiset astiat astianpesukoneeseen<\/strong><br \/>\nAstianpesukone on k\u00e4ytett\u00e4viss\u00e4. T\u00e4yt\u00e4 likaiset astiat koneeseen ja k\u00e4ynnist\u00e4 kone ennen l\u00e4ht\u00f6\u00e4si tai pese ne k\u00e4sin lavuaarissa.<\/p>\n<p><strong>Ruoka ja juoma<\/strong><br \/>\n\u26a0\ufe0f \u00c4l\u00e4 sy\u00f6 tai juo makuuhuoneissa.<br \/>\n\u2705 Sy\u00f6 ruokap\u00f6yd\u00e4n \u00e4\u00e4ress\u00e4 tai olohuoneen sohvap\u00f6yd\u00e4ss\u00e4.<\/p>\n<p><strong>\ud83c\udf7a Alkoholijuomat<\/strong><br \/>\n\u274c Alkoholia ei sallita suurina m\u00e4\u00e4rin\u00e4. Liiallinen alkoholink\u00e4ytt\u00f6 ei ole sallittua.<\/p>\n<p><strong>Tupakointi<\/strong><br \/>\n\u274c Tupakointi on kielletty asunnossa. Tupakointi on sallittu ulkona sis\u00e4\u00e4nk\u00e4ynnill\u00e4. Varmista, ett\u00e4 ovi on suljettu.<\/p>\n<p><strong>My\u00f6h\u00e4inen sis\u00e4\u00e4n-\/uloskirjautuminen<\/strong><br \/>\n\u26a0\ufe0f Noudatathan sis\u00e4\u00e4n- ja uloskirjautumiss\u00e4\u00e4nt\u00f6j\u00e4.<br \/>\n\u26a0\ufe0f Kysy ensin majoittajalta my\u00f6h\u00e4isest\u00e4 uloskirjautumisesta.<\/p>","protected":false},"excerpt":{"rendered":"<p>Talon s\u00e4\u00e4nn\u00f6t \ud83c\udf89 Juhlat tai tapahtumat \u274c Juhlat tai tapahtumat eiv\u00e4t ole sallittuja. \ud83d\udc36 Lemmikkiel\u00e4imet \u274c Lemmikkiel\u00e4imet eiv\u00e4t ole sallittuja. Rekister\u00f6im\u00e4tt\u00f6m\u00e4t vieraat \u274c [\u2026]<\/p>","protected":false},"author":1,"featured_media":0,"parent":0,"menu_order":0,"comment_status":"closed","ping_status":"closed","template":"","meta":{"footnotes":""},"class_list":["post-493","page","type-page","status-publish","hentry"],"yoast_head":"<!-- This site is optimized with the Yoast SEO plugin v26.6 - https:\/\/yoast.com\/wordpress\/plugins\/seo\/ -->\n<title>Husregler - Wonderstay Housing<\/title>\n<meta name=\"robots\" content=\"index, follow, max-snippet:-1, max-image-preview:large, max-video-preview:-1\" \/>\n<link rel=\"canonical\" href=\"https:\/\/wonderstay.dk\/fi\/talon-saannot\/\" \/>\n<meta property=\"og:locale\" content=\"fi_FI\" \/>\n<meta property=\"og:type\" content=\"article\" \/>\n<meta property=\"og:title\" content=\"Husregler - Wonderstay Housing\" \/>\n<meta property=\"og:description\" content=\"Husregler \ud83c\udf89 Fester eller arrangementer \u274c Ingen fester eller arrangementer er tilladt. \ud83d\udc36 K\u00e6ledyr \u274c K\u00e6ledyr er ikke tilladt. Uregistrerede g\u00e6ster \u274c [&hellip;]\" \/>\n<meta property=\"og:url\" content=\"https:\/\/wonderstay.dk\/fi\/talon-saannot\/\" \/>\n<meta property=\"og:site_name\" content=\"Wonderstay Housing\" \/>\n<meta property=\"article:modified_time\" content=\"2025-09-07T21:47:28+00:00\" \/>\n<meta name=\"twitter:card\" content=\"summary_large_image\" \/>\n<meta name=\"twitter:label1\" content=\"Arvioitu lukuaika\" \/>\n\t<meta name=\"twitter:data1\" content=\"1 minuutti\" \/>\n<script type=\"application\/ld+json\" class=\"yoast-schema-graph\">{\"@context\":\"https:\/\/schema.org\",\"@graph\":[{\"@type\":\"WebPage\",\"@id\":\"https:\/\/wonderstay.dk\/husregler\/\",\"url\":\"https:\/\/wonderstay.dk\/husregler\/\",\"name\":\"Husregler - Wonderstay Housing\",\"isPartOf\":{\"@id\":\"https:\/\/wonderstay.dk\/#website\"},\"datePublished\":\"2025-09-07T21:46:46+00:00\",\"dateModified\":\"2025-09-07T21:47:28+00:00\",\"breadcrumb\":{\"@id\":\"https:\/\/wonderstay.dk\/husregler\/#breadcrumb\"},\"inLanguage\":\"fi\",\"potentialAction\":[{\"@type\":\"ReadAction\",\"target\":[\"https:\/\/wonderstay.dk\/husregler\/\"]}]},{\"@type\":\"BreadcrumbList\",\"@id\":\"https:\/\/wonderstay.dk\/husregler\/#breadcrumb\",\"itemListElement\":[{\"@type\":\"ListItem\",\"position\":1,\"name\":\"Home\",\"item\":\"https:\/\/wonderstay.dk\/\"},{\"@type\":\"ListItem\",\"position\":2,\"name\":\"Husregler\"}]},{\"@type\":\"WebSite\",\"@id\":\"https:\/\/wonderstay.dk\/#website\",\"url\":\"https:\/\/wonderstay.dk\/\",\"name\":\"Wonderstay Housing\",\"description\":\"Wonderstay\",\"potentialAction\":[{\"@type\":\"SearchAction\",\"target\":{\"@type\":\"EntryPoint\",\"urlTemplate\":\"https:\/\/wonderstay.dk\/?s={search_term_string}\"},\"query-input\":{\"@type\":\"PropertyValueSpecification\",\"valueRequired\":true,\"valueName\":\"search_term_string\"}}],\"inLanguage\":\"fi\"}]}<\/script>\n<!-- \/ Yoast SEO plugin. -->","yoast_head_json":{"title":"Talon s\u00e4\u00e4nn\u00f6t - Wonderstay Housing","robots":{"index":"index","follow":"follow","max-snippet":"max-snippet:-1","max-image-preview":"max-image-preview:large","max-video-preview":"max-video-preview:-1"},"canonical":"https:\/\/wonderstay.dk\/fi\/talon-saannot\/","og_locale":"fi_FI","og_type":"article","og_title":"Husregler - Wonderstay Housing","og_description":"Husregler \ud83c\udf89 Fester eller arrangementer \u274c Ingen fester eller arrangementer er tilladt. \ud83d\udc36 K\u00e6ledyr \u274c K\u00e6ledyr er ikke tilladt. Uregistrerede g\u00e6ster \u274c [&hellip;]","og_url":"https:\/\/wonderstay.dk\/fi\/talon-saannot\/","og_site_name":"Wonderstay Housing","article_modified_time":"2025-09-07T21:47:28+00:00","twitter_card":"summary_large_image","twitter_misc":{"Arvioitu lukuaika":"1 minuutti"},"schema":{"@context":"https:\/\/schema.org","@graph":[{"@type":"WebPage","@id":"https:\/\/wonderstay.dk\/husregler\/","url":"https:\/\/wonderstay.dk\/husregler\/","name":"Talon s\u00e4\u00e4nn\u00f6t - Wonderstay Housing","isPartOf":{"@id":"https:\/\/wonderstay.dk\/#website"},"datePublished":"2025-09-07T21:46:46+00:00","dateModified":"2025-09-07T21:47:28+00:00","breadcrumb":{"@id":"https:\/\/wonderstay.dk\/husregler\/#breadcrumb"},"inLanguage":"fi","potentialAction":[{"@type":"ReadAction","target":["https:\/\/wonderstay.dk\/husregler\/"]}]},{"@type":"BreadcrumbList","@id":"https:\/\/wonderstay.dk\/husregler\/#breadcrumb","itemListElement":[{"@type":"ListItem","position":1,"name":"Home","item":"https:\/\/wonderstay.dk\/"},{"@type":"ListItem","position":2,"name":"Husregler"}]},{"@type":"WebSite","@id":"https:\/\/wonderstay.dk\/#website","url":"https:\/\/wonderstay.dk\/","name":"Wonderstay Housing","description":"Wonderstay","potentialAction":[{"@type":"SearchAction","target":{"@type":"EntryPoint","urlTemplate":"https:\/\/wonderstay.dk\/?s={search_term_string}"},"query-input":{"@type":"PropertyValueSpecification","valueRequired":true,"valueName":"search_term_string"}}],"inLanguage":"fi"}]}},"_links":{"self":[{"href":"https:\/\/wonderstay.dk\/fi\/wp-json\/wp\/v2\/pages\/493","targetHints":{"allow":["GET"]}}],"collection":[{"href":"https:\/\/wonderstay.dk\/fi\/wp-json\/wp\/v2\/pages"}],"about":[{"href":"https:\/\/wonderstay.dk\/fi\/wp-json\/wp\/v2\/types\/page"}],"author":[{"embeddable":true,"href":"https:\/\/wonderstay.dk\/fi\/wp-json\/wp\/v2\/users\/1"}],"replies":[{"embeddable":true,"href":"https:\/\/wonderstay.dk\/fi\/wp-json\/wp\/v2\/comments?post=493"}],"version-history":[{"count":2,"href":"https:\/\/wonderstay.dk\/fi\/wp-json\/wp\/v2\/pages\/493\/revisions"}],"predecessor-version":[{"id":495,"href":"https:\/\/wonderstay.dk\/fi\/wp-json\/wp\/v2\/pages\/493\/revisions\/495"}],"wp:attachment":[{"href":"https:\/\/wonderstay.dk\/fi\/wp-json\/wp\/v2\/media?parent=493"}],"curies":[{"name":"wp","href":"https:\/\/api.w.org\/{rel}","templated":true}]}}