{"id":493,"date":"2025-09-07T21:46:46","date_gmt":"2025-09-07T21:46:46","guid":{"rendered":"https:\/\/wonderstay.dk\/?page_id=493"},"modified":"2025-09-07T21:47:28","modified_gmt":"2025-09-07T21:47:28","slug":"regles-de-la-maison","status":"publish","type":"page","link":"https:\/\/wonderstay.dk\/fr\/regles-de-la-maison\/","title":{"rendered":"R\u00e8glement int\u00e9rieur"},"content":{"rendered":"<h1 data-pm-slice=\"0 0 []\">R\u00e8glement int\u00e9rieur<\/h1>\n<p data-pm-slice=\"0 0 []\"><strong>\ud83c\udf89 F\u00eates ou \u00e9v\u00e9nements<\/strong><br \/>\n\u274c Aucune f\u00eate ou \u00e9v\u00e9nement n'est autoris\u00e9.<\/p>\n<p><strong>\ud83d\udc36 Animaux de compagnie<\/strong><br \/>\nLes animaux domestiques ne sont pas autoris\u00e9s.<\/p>\n<p><strong>Invit\u00e9s non enregistr\u00e9s<\/strong><br \/>\n\u274c Les invit\u00e9s non enregistr\u00e9s ne sont pas autoris\u00e9s.<\/p>\n<p><strong>\ud83d\udd07 Bruits forts<\/strong><br \/>\n\u274c Pas de bruit fort ni de musique apr\u00e8s 21h00.<\/p>\n<p><strong>\ud83d\udc5f Chaussures<\/strong><br \/>\n\u2705 Veuillez enlever vos chaussures dans le hall d'entr\u00e9e.<\/p>\n<p><strong>\ud83d\udc4d Traiter les choses correctement<\/strong><br \/>\n\u2705 Traiter les choses correctement. Prendre soin de l'inventaire.<br \/>\n\u274c Ne d\u00e9placez pas les meubles - et si vous le faites, remettez-les \u00e0 leur place lorsque vous quittez le logement.<\/p>\n<p><strong>\ud83e\uddfc Mettre la vaisselle sale au lave-vaisselle<\/strong><br \/>\nIl y a un lave-vaisselle. Veuillez charger la vaisselle sale et d\u00e9marrer la machine avant de partir ou la laver \u00e0 la main dans l'\u00e9vier.<\/p>\n<p><strong>Alimentation et boissons<\/strong><br \/>\n\u26a0\ufe0f Veuillez ne pas manger ni boire dans les chambres.<br \/>\n\u2705 Veuillez manger \u00e0 la table \u00e0 manger ou dans le salon \u00e0 la table basse.<\/p>\n<p><strong>\ud83c\udf7a Boissons alcoolis\u00e9es<\/strong><br \/>\nL'alcool n'est pas autoris\u00e9 en grande quantit\u00e9. La consommation excessive d'alcool n'est pas autoris\u00e9e.<\/p>\n<p><strong>Fumer<\/strong><br \/>\n\u274c Il est interdit de fumer dans l'appartement. Vous pouvez fumer \u00e0 l'ext\u00e9rieur, \u00e0 l'entr\u00e9e. Veillez \u00e0 ce que la porte soit ferm\u00e9e.<\/p>\n<p><strong>Enregistrement et d\u00e9part tardifs<\/strong><br \/>\n\u26a0\ufe0f Veuillez respecter les r\u00e8gles d'enregistrement et de d\u00e9part.<br \/>\n\u26a0\ufe0f Demandez d'abord \u00e0 l'h\u00f4te s'il est possible de partir plus tard.<\/p>","protected":false},"excerpt":{"rendered":"<p>R\u00e8glement int\u00e9rieur \ud83c\udf89 F\u00eates et \u00e9v\u00e9nements \u274c Les f\u00eates et \u00e9v\u00e9nements sont interdits. \ud83d\udc36 Animaux de compagnie \u274c Les animaux de compagnie ne sont pas admis. Invit\u00e9s non enregistr\u00e9s \u274c [\u2026]<\/p>","protected":false},"author":1,"featured_media":0,"parent":0,"menu_order":0,"comment_status":"closed","ping_status":"closed","template":"","meta":{"footnotes":""},"class_list":["post-493","page","type-page","status-publish","hentry"],"yoast_head":"<!-- This site is optimized with the Yoast SEO plugin v26.6 - https:\/\/yoast.com\/wordpress\/plugins\/seo\/ -->\n<title>Husregler - Wonderstay Housing<\/title>\n<meta name=\"robots\" content=\"index, follow, max-snippet:-1, max-image-preview:large, max-video-preview:-1\" \/>\n<link rel=\"canonical\" href=\"https:\/\/wonderstay.dk\/fr\/regles-de-la-maison\/\" \/>\n<meta property=\"og:locale\" content=\"fr_FR\" \/>\n<meta property=\"og:type\" content=\"article\" \/>\n<meta property=\"og:title\" content=\"Husregler - Wonderstay Housing\" \/>\n<meta property=\"og:description\" content=\"Husregler \ud83c\udf89 Fester eller arrangementer \u274c Ingen fester eller arrangementer er tilladt. \ud83d\udc36 K\u00e6ledyr \u274c K\u00e6ledyr er ikke tilladt. Uregistrerede g\u00e6ster \u274c [&hellip;]\" \/>\n<meta property=\"og:url\" content=\"https:\/\/wonderstay.dk\/fr\/regles-de-la-maison\/\" \/>\n<meta property=\"og:site_name\" content=\"Wonderstay Housing\" \/>\n<meta property=\"article:modified_time\" content=\"2025-09-07T21:47:28+00:00\" \/>\n<meta name=\"twitter:card\" content=\"summary_large_image\" \/>\n<meta name=\"twitter:label1\" content=\"Dur\u00e9e de lecture estim\u00e9e\" \/>\n\t<meta name=\"twitter:data1\" content=\"1 minute\" \/>\n<script type=\"application\/ld+json\" class=\"yoast-schema-graph\">{\"@context\":\"https:\/\/schema.org\",\"@graph\":[{\"@type\":\"WebPage\",\"@id\":\"https:\/\/wonderstay.dk\/husregler\/\",\"url\":\"https:\/\/wonderstay.dk\/husregler\/\",\"name\":\"Husregler - Wonderstay Housing\",\"isPartOf\":{\"@id\":\"https:\/\/wonderstay.dk\/#website\"},\"datePublished\":\"2025-09-07T21:46:46+00:00\",\"dateModified\":\"2025-09-07T21:47:28+00:00\",\"breadcrumb\":{\"@id\":\"https:\/\/wonderstay.dk\/husregler\/#breadcrumb\"},\"inLanguage\":\"fr-FR\",\"potentialAction\":[{\"@type\":\"ReadAction\",\"target\":[\"https:\/\/wonderstay.dk\/husregler\/\"]}]},{\"@type\":\"BreadcrumbList\",\"@id\":\"https:\/\/wonderstay.dk\/husregler\/#breadcrumb\",\"itemListElement\":[{\"@type\":\"ListItem\",\"position\":1,\"name\":\"Home\",\"item\":\"https:\/\/wonderstay.dk\/\"},{\"@type\":\"ListItem\",\"position\":2,\"name\":\"Husregler\"}]},{\"@type\":\"WebSite\",\"@id\":\"https:\/\/wonderstay.dk\/#website\",\"url\":\"https:\/\/wonderstay.dk\/\",\"name\":\"Wonderstay Housing\",\"description\":\"Wonderstay\",\"potentialAction\":[{\"@type\":\"SearchAction\",\"target\":{\"@type\":\"EntryPoint\",\"urlTemplate\":\"https:\/\/wonderstay.dk\/?s={search_term_string}\"},\"query-input\":{\"@type\":\"PropertyValueSpecification\",\"valueRequired\":true,\"valueName\":\"search_term_string\"}}],\"inLanguage\":\"fr-FR\"}]}<\/script>\n<!-- \/ Yoast SEO plugin. -->","yoast_head_json":{"title":"R\u00e8glement int\u00e9rieur - Wonderstay Housing","robots":{"index":"index","follow":"follow","max-snippet":"max-snippet:-1","max-image-preview":"max-image-preview:large","max-video-preview":"max-video-preview:-1"},"canonical":"https:\/\/wonderstay.dk\/fr\/regles-de-la-maison\/","og_locale":"fr_FR","og_type":"article","og_title":"Husregler - Wonderstay Housing","og_description":"Husregler \ud83c\udf89 Fester eller arrangementer \u274c Ingen fester eller arrangementer er tilladt. \ud83d\udc36 K\u00e6ledyr \u274c K\u00e6ledyr er ikke tilladt. Uregistrerede g\u00e6ster \u274c [&hellip;]","og_url":"https:\/\/wonderstay.dk\/fr\/regles-de-la-maison\/","og_site_name":"Wonderstay Housing","article_modified_time":"2025-09-07T21:47:28+00:00","twitter_card":"summary_large_image","twitter_misc":{"Dur\u00e9e de lecture estim\u00e9e":"1 minute"},"schema":{"@context":"https:\/\/schema.org","@graph":[{"@type":"WebPage","@id":"https:\/\/wonderstay.dk\/husregler\/","url":"https:\/\/wonderstay.dk\/husregler\/","name":"R\u00e8glement int\u00e9rieur - Wonderstay Housing","isPartOf":{"@id":"https:\/\/wonderstay.dk\/#website"},"datePublished":"2025-09-07T21:46:46+00:00","dateModified":"2025-09-07T21:47:28+00:00","breadcrumb":{"@id":"https:\/\/wonderstay.dk\/husregler\/#breadcrumb"},"inLanguage":"fr-FR","potentialAction":[{"@type":"ReadAction","target":["https:\/\/wonderstay.dk\/husregler\/"]}]},{"@type":"BreadcrumbList","@id":"https:\/\/wonderstay.dk\/husregler\/#breadcrumb","itemListElement":[{"@type":"ListItem","position":1,"name":"Home","item":"https:\/\/wonderstay.dk\/"},{"@type":"ListItem","position":2,"name":"Husregler"}]},{"@type":"WebSite","@id":"https:\/\/wonderstay.dk\/#website","url":"https:\/\/wonderstay.dk\/","name":"Logement Wonderstay","description":"Wonderstay","potentialAction":[{"@type":"SearchAction","target":{"@type":"EntryPoint","urlTemplate":"https:\/\/wonderstay.dk\/?s={search_term_string}"},"query-input":{"@type":"PropertyValueSpecification","valueRequired":true,"valueName":"search_term_string"}}],"inLanguage":"fr-FR"}]}},"_links":{"self":[{"href":"https:\/\/wonderstay.dk\/fr\/wp-json\/wp\/v2\/pages\/493","targetHints":{"allow":["GET"]}}],"collection":[{"href":"https:\/\/wonderstay.dk\/fr\/wp-json\/wp\/v2\/pages"}],"about":[{"href":"https:\/\/wonderstay.dk\/fr\/wp-json\/wp\/v2\/types\/page"}],"author":[{"embeddable":true,"href":"https:\/\/wonderstay.dk\/fr\/wp-json\/wp\/v2\/users\/1"}],"replies":[{"embeddable":true,"href":"https:\/\/wonderstay.dk\/fr\/wp-json\/wp\/v2\/comments?post=493"}],"version-history":[{"count":2,"href":"https:\/\/wonderstay.dk\/fr\/wp-json\/wp\/v2\/pages\/493\/revisions"}],"predecessor-version":[{"id":495,"href":"https:\/\/wonderstay.dk\/fr\/wp-json\/wp\/v2\/pages\/493\/revisions\/495"}],"wp:attachment":[{"href":"https:\/\/wonderstay.dk\/fr\/wp-json\/wp\/v2\/media?parent=493"}],"curies":[{"name":"wp","href":"https:\/\/api.w.org\/{rel}","templated":true}]}}