{"id":68,"date":"2024-08-30T09:20:36","date_gmt":"2024-08-30T09:20:36","guid":{"rendered":"https:\/\/wonderstay.dk\/contact-us\/"},"modified":"2025-09-14T18:37:13","modified_gmt":"2025-09-14T18:37:13","slug":"contactez-nous","status":"publish","type":"page","link":"https:\/\/wonderstay.dk\/fr\/contactez-nous\/","title":{"rendered":"Contactez nous"},"content":{"rendered":"<div data-elementor-type=\"wp-page\" data-elementor-id=\"68\" class=\"elementor elementor-68\" data-elementor-settings=\"{&quot;element_pack_global_tooltip_width&quot;:{&quot;unit&quot;:&quot;px&quot;,&quot;size&quot;:&quot;&quot;,&quot;sizes&quot;:[]},&quot;element_pack_global_tooltip_width_tablet&quot;:{&quot;unit&quot;:&quot;px&quot;,&quot;size&quot;:&quot;&quot;,&quot;sizes&quot;:[]},&quot;element_pack_global_tooltip_width_mobile&quot;:{&quot;unit&quot;:&quot;px&quot;,&quot;size&quot;:&quot;&quot;,&quot;sizes&quot;:[]},&quot;element_pack_global_tooltip_padding&quot;:{&quot;unit&quot;:&quot;px&quot;,&quot;top&quot;:&quot;&quot;,&quot;right&quot;:&quot;&quot;,&quot;bottom&quot;:&quot;&quot;,&quot;left&quot;:&quot;&quot;,&quot;isLinked&quot;:true},&quot;element_pack_global_tooltip_padding_tablet&quot;:{&quot;unit&quot;:&quot;px&quot;,&quot;top&quot;:&quot;&quot;,&quot;right&quot;:&quot;&quot;,&quot;bottom&quot;:&quot;&quot;,&quot;left&quot;:&quot;&quot;,&quot;isLinked&quot;:true},&quot;element_pack_global_tooltip_padding_mobile&quot;:{&quot;unit&quot;:&quot;px&quot;,&quot;top&quot;:&quot;&quot;,&quot;right&quot;:&quot;&quot;,&quot;bottom&quot;:&quot;&quot;,&quot;left&quot;:&quot;&quot;,&quot;isLinked&quot;:true},&quot;element_pack_global_tooltip_border_radius&quot;:{&quot;unit&quot;:&quot;px&quot;,&quot;top&quot;:&quot;&quot;,&quot;right&quot;:&quot;&quot;,&quot;bottom&quot;:&quot;&quot;,&quot;left&quot;:&quot;&quot;,&quot;isLinked&quot;:true},&quot;element_pack_global_tooltip_border_radius_tablet&quot;:{&quot;unit&quot;:&quot;px&quot;,&quot;top&quot;:&quot;&quot;,&quot;right&quot;:&quot;&quot;,&quot;bottom&quot;:&quot;&quot;,&quot;left&quot;:&quot;&quot;,&quot;isLinked&quot;:true},&quot;element_pack_global_tooltip_border_radius_mobile&quot;:{&quot;unit&quot;:&quot;px&quot;,&quot;top&quot;:&quot;&quot;,&quot;right&quot;:&quot;&quot;,&quot;bottom&quot;:&quot;&quot;,&quot;left&quot;:&quot;&quot;,&quot;isLinked&quot;:true}}\">\n\t\t\t\t<div class=\"elementor-element elementor-element-05f6c13 e-flex e-con-boxed e-con e-parent\" data-id=\"05f6c13\" data-element_type=\"container\" data-settings=\"{&quot;background_background&quot;:&quot;classic&quot;}\">\n\t\t\t\t\t<div class=\"e-con-inner\">\n\t\t<div class=\"elementor-element elementor-element-7edeeec e-con-full e-flex e-con e-child\" data-id=\"7edeeec\" data-element_type=\"container\">\n\t\t\t\t<div class=\"elementor-element elementor-element-d51c315 elementor-invisible elementor-widget elementor-widget-text-editor\" data-id=\"d51c315\" data-element_type=\"widget\" data-settings=\"{&quot;_animation&quot;:&quot;fadeInUp&quot;,&quot;_animation_delay&quot;:240}\" data-widget_type=\"text-editor.default\">\n\t\t\t\t\t\t\t\t\t<p>Contactez nous<\/p>\t\t\t\t\t\t\t\t<\/div>\n\t\t\t\t<div class=\"elementor-element elementor-element-1c35bd6 elementor-invisible elementor-widget elementor-widget-heading\" data-id=\"1c35bd6\" data-element_type=\"widget\" data-settings=\"{&quot;_animation&quot;:&quot;fadeInUp&quot;,&quot;_animation_delay&quot;:320}\" data-widget_type=\"heading.default\">\n\t\t\t\t\t<h1 class=\"elementor-heading-title elementor-size-default\">Contactez nous<\/h1>\t\t\t\t<\/div>\n\t\t\t\t<div class=\"elementor-element elementor-element-43c3631 elementor-invisible elementor-widget elementor-widget-text-editor\" data-id=\"43c3631\" data-element_type=\"widget\" data-settings=\"{&quot;_animation&quot;:&quot;fadeInUp&quot;,&quot;_animation_delay&quot;:400}\" data-widget_type=\"text-editor.default\">\n\t\t\t\t\t\t\t\t\t<p>Vous avez des questions, vous avez besoin d'aide ou vous voulez simplement en savoir plus ? Chez Wonderstay, nous sommes toujours pr\u00eats \u00e0 vous aider.<\/p>\t\t\t\t\t\t\t\t<\/div>\n\t\t\t\t<div class=\"elementor-element elementor-element-af3db97 elementor-invisible elementor-widget elementor-widget-text-editor\" data-id=\"af3db97\" data-element_type=\"widget\" data-settings=\"{&quot;_animation&quot;:&quot;fadeInUp&quot;,&quot;_animation_delay&quot;:400}\" data-widget_type=\"text-editor.default\">\n\t\t\t\t\t\t\t\t\t<p>Vous pouvez \u00e9galement appeler directement le +45 60806267<\/p>\t\t\t\t\t\t\t\t<\/div>\n\t\t\t\t<div class=\"elementor-element elementor-element-ddccc50 elementor-icon-list--layout-traditional elementor-list-item-link-full_width elementor-invisible elementor-widget elementor-widget-icon-list\" data-id=\"ddccc50\" data-element_type=\"widget\" data-settings=\"{&quot;_animation&quot;:&quot;fadeInUp&quot;,&quot;_animation_delay&quot;:480}\" data-widget_type=\"icon-list.default\">\n\t\t\t\t\t\t\t<ul class=\"elementor-icon-list-items\">\n\t\t\t\t\t\t\t<li class=\"elementor-icon-list-item\">\n\t\t\t\t\t\t\t\t\t\t\t<span class=\"elementor-icon-list-icon\">\n\t\t\t\t\t\t\t<svg aria-hidden=\"true\" class=\"e-font-icon-svg e-fas-check-circle\" viewbox=\"0 0 512 512\" xmlns=\"http:\/\/www.w3.org\/2000\/svg\"><path d=\"M504 256c0 136.967-111.033 248-248 248S8 392.967 8 256 119.033 8 256 8s248 111.033 248 248zM227.314 387.314l184-184c6.248-6.248 6.248-16.379 0-22.627l-22.627-22.627c-6.248-6.249-16.379-6.249-22.628 0L216 308.118l-70.059-70.059c-6.248-6.248-16.379-6.248-22.628 0l-22.627 22.627c-6.248 6.248-6.248 16.379 0 22.627l104 104c6.249 6.249 16.379 6.249 22.628.001z\"><\/path><\/svg>\t\t\t\t\t\t<\/span>\n\t\t\t\t\t\t\t\t\t\t<span class=\"elementor-icon-list-text\">Des prix comp\u00e9titifs sans frais cach\u00e9s<\/span>\n\t\t\t\t\t\t\t\t\t<\/li>\n\t\t\t\t\t\t\t\t<li class=\"elementor-icon-list-item\">\n\t\t\t\t\t\t\t\t\t\t\t<span class=\"elementor-icon-list-icon\">\n\t\t\t\t\t\t\t<svg aria-hidden=\"true\" class=\"e-font-icon-svg e-fas-check-circle\" viewbox=\"0 0 512 512\" xmlns=\"http:\/\/www.w3.org\/2000\/svg\"><path d=\"M504 256c0 136.967-111.033 248-248 248S8 392.967 8 256 119.033 8 256 8s248 111.033 248 248zM227.314 387.314l184-184c6.248-6.248 6.248-16.379 0-22.627l-22.627-22.627c-6.248-6.249-16.379-6.249-22.628 0L216 308.118l-70.059-70.059c-6.248-6.248-16.379-6.248-22.628 0l-22.627 22.627c-6.248 6.248-6.248 16.379 0 22.627l104 104c6.249 6.249 16.379 6.249 22.628.001z\"><\/path><\/svg>\t\t\t\t\t\t<\/span>\n\t\t\t\t\t\t\t\t\t\t<span class=\"elementor-icon-list-text\">Logement moderne et enti\u00e8rement meubl\u00e9, pr\u00eat \u00e0 accueillir des s\u00e9jours de courte dur\u00e9e<\/span>\n\t\t\t\t\t\t\t\t\t<\/li>\n\t\t\t\t\t\t\t\t<li class=\"elementor-icon-list-item\">\n\t\t\t\t\t\t\t\t\t\t\t<span class=\"elementor-icon-list-icon\">\n\t\t\t\t\t\t\t<svg aria-hidden=\"true\" class=\"e-font-icon-svg e-fas-check-circle\" viewbox=\"0 0 512 512\" xmlns=\"http:\/\/www.w3.org\/2000\/svg\"><path d=\"M504 256c0 136.967-111.033 248-248 248S8 392.967 8 256 119.033 8 256 8s248 111.033 248 248zM227.314 387.314l184-184c6.248-6.248 6.248-16.379 0-22.627l-22.627-22.627c-6.248-6.249-16.379-6.249-22.628 0L216 308.118l-70.059-70.059c-6.248-6.248-16.379-6.248-22.628 0l-22.627 22.627c-6.248 6.248-6.248 16.379 0 22.627l104 104c6.249 6.249 16.379 6.249 22.628.001z\"><\/path><\/svg>\t\t\t\t\t\t<\/span>\n\t\t\t\t\t\t\t\t\t\t<span class=\"elementor-icon-list-text\">Un service personnalis\u00e9 avec un point de contact unique<\/span>\n\t\t\t\t\t\t\t\t\t<\/li>\n\t\t\t\t\t\t<\/ul>\n\t\t\t\t\t\t<\/div>\n\t\t\t\t<div class=\"elementor-element elementor-element-9607194 elementor-invisible elementor-widget elementor-widget-heading\" data-id=\"9607194\" data-element_type=\"widget\" data-settings=\"{&quot;_animation&quot;:&quot;fadeInUp&quot;,&quot;_animation_delay&quot;:640}\" data-widget_type=\"heading.default\">\n\t\t\t\t\t<h4 class=\"elementor-heading-title elementor-size-default\">Pourquoi r\u00e9server avec Wondestay<\/h4>\t\t\t\t<\/div>\n\t\t<div class=\"elementor-element elementor-element-a8cc49a e-con-full e-grid e-con e-child\" data-id=\"a8cc49a\" data-element_type=\"container\">\n\t\t\t\t<div class=\"elementor-element elementor-element-6f93c6a ui-e-align-left ui-e-counter-odometer elementor-invisible elementor-widget elementor-widget-uicore-counter\" data-id=\"6f93c6a\" data-element_type=\"widget\" data-settings=\"{&quot;count_start&quot;:85,&quot;count_end&quot;:95,&quot;counter_separator&quot;:&quot;,&quot;,&quot;decimal_symbol&quot;:&quot;.&quot;,&quot;counter_suffix&quot;:&quot;%&quot;,&quot;counter_animation&quot;:&quot;odometer&quot;,&quot;duration&quot;:1.8,&quot;_animation&quot;:&quot;fadeInUp&quot;,&quot;_animation_delay&quot;:720,&quot;use_grouping&quot;:&quot;true&quot;,&quot;decimal_places&quot;:0}\" data-widget_type=\"uicore-counter.default\">\n\t\t\t\t<div class=\"elementor-widget-container\">\n\t\t\t\t\t <div class=\"ui-e-wrp\"> <h3 class=\"ui-e-num\"><span class=\"ui-e-prefix\"><\/span><span class=\"value\"> 0 <\/span><span class=\"ui-e-suffix\">%<\/span><\/h3><p class=\"ui-e-title\">Des clients heureux et satisfaits d'apr\u00e8s les commentaires.<\/p> <\/div> \t\t\t\t<\/div>\n\t\t\t\t<\/div>\n\t\t\t\t<div class=\"elementor-element elementor-element-85d65a8 ui-e-align-left ui-e-counter-odometer elementor-invisible elementor-widget elementor-widget-uicore-counter\" data-id=\"85d65a8\" data-element_type=\"widget\" data-settings=\"{&quot;count_start&quot;:4,&quot;count_end&quot;:5,&quot;counter_separator&quot;:&quot;,&quot;,&quot;decimal_symbol&quot;:&quot;.&quot;,&quot;counter_suffix&quot;:&quot;\\\/5&quot;,&quot;counter_animation&quot;:&quot;odometer&quot;,&quot;_animation&quot;:&quot;fadeInUp&quot;,&quot;_animation_delay&quot;:&quot;720&quot;,&quot;use_grouping&quot;:&quot;true&quot;,&quot;decimal_places&quot;:0,&quot;duration&quot;:2.5}\" data-widget_type=\"uicore-counter.default\">\n\t\t\t\t<div class=\"elementor-widget-container\">\n\t\t\t\t\t <div class=\"ui-e-wrp\"> <h3 class=\"ui-e-num\"><span class=\"ui-e-prefix\"><\/span><span class=\"value\"> 0 <\/span><span class=\"ui-e-suffix\">\/5<\/span><\/h3><p class=\"ui-e-title\">4,6 \u00e9toiles sur Airbnb et 8,7\/10 sur Booking.com<\/p> <\/div> \t\t\t\t<\/div>\n\t\t\t\t<\/div>\n\t\t\t\t<div class=\"elementor-element elementor-element-caddd44 ui-e-align-left ui-e-counter-odometer elementor-invisible elementor-widget elementor-widget-uicore-counter\" data-id=\"caddd44\" data-element_type=\"widget\" data-settings=\"{&quot;count_end&quot;:100,&quot;counter_separator&quot;:&quot;,&quot;,&quot;decimal_symbol&quot;:&quot;.&quot;,&quot;counter_suffix&quot;:&quot;%&quot;,&quot;counter_animation&quot;:&quot;odometer&quot;,&quot;duration&quot;:2.2,&quot;_animation&quot;:&quot;fadeInUp&quot;,&quot;_animation_delay&quot;:&quot;720&quot;,&quot;count_start&quot;:80,&quot;use_grouping&quot;:&quot;true&quot;,&quot;decimal_places&quot;:0}\" data-widget_type=\"uicore-counter.default\">\n\t\t\t\t<div class=\"elementor-widget-container\">\n\t\t\t\t\t <div class=\"ui-e-wrp\"> <h3 class=\"ui-e-num\"><span class=\"ui-e-prefix\"><\/span><span class=\"value\"> 0 <\/span><span class=\"ui-e-suffix\">%<\/span><\/h3><p class=\"ui-e-title\">Nous offrons une garantie de satisfaction 100%. Nous trouvons toujours une solution.<\/p> <\/div> \t\t\t\t<\/div>\n\t\t\t\t<\/div>\n\t\t\t\t<\/div>\n\t\t\t\t<\/div>\n\t\t<div class=\"elementor-element elementor-element-06855f7 e-con-full e-flex elementor-invisible e-con e-child\" data-id=\"06855f7\" data-element_type=\"container\" data-settings=\"{&quot;background_background&quot;:&quot;classic&quot;,&quot;animation&quot;:&quot;fadeInUp&quot;,&quot;animation_delay&quot;:&quot;720&quot;}\">\n\t\t\t\t<div class=\"elementor-element elementor-element-5c65ead fluentform-widget-submit-button-full-width elementor-widget elementor-widget-fluent-form-widget\" data-id=\"5c65ead\" data-element_type=\"widget\" data-widget_type=\"fluent-form-widget.default\">\n\t\t\t\t<div class=\"elementor-widget-container\">\n\t\t\t\t\t\n            <div class=\"fluentform-widget-wrapper fluentform-widget-align-default\">\n\n            \n                        <\/div>\n\n            \t\t\t\t<\/div>\n\t\t\t\t<\/div>\n\t\t\t\t<\/div>\n\t\t\t\t\t<\/div>\n\t\t\t\t<\/div>\n\t\t\t\t<\/div>","protected":false},"excerpt":{"rendered":"<p>Contactez-nous Vous avez des questions, besoin d&#039;aide ou souhaitez simplement en savoir plus\u00a0? Chez Wonderstay, nous sommes toujours l\u00e0 [\u2026]<\/p>","protected":false},"author":1,"featured_media":0,"parent":0,"menu_order":0,"comment_status":"closed","ping_status":"closed","template":"","meta":{"footnotes":""},"class_list":["post-68","page","type-page","status-publish","hentry"],"yoast_head":"<!-- This site is optimized with the Yoast SEO plugin v26.6 - https:\/\/yoast.com\/wordpress\/plugins\/seo\/ -->\n<title>Kontakt os - Wonderstay Housing<\/title>\n<meta name=\"robots\" content=\"index, follow, max-snippet:-1, max-image-preview:large, max-video-preview:-1\" \/>\n<link rel=\"canonical\" href=\"https:\/\/wonderstay.dk\/fr\/contactez-nous\/\" \/>\n<meta property=\"og:locale\" content=\"fr_FR\" \/>\n<meta property=\"og:type\" content=\"article\" \/>\n<meta property=\"og:title\" content=\"Kontakt os - Wonderstay Housing\" \/>\n<meta property=\"og:description\" content=\"Kontakt os Kontakt os Har du sp\u00f8rgsm\u00e5l, brug for hj\u00e6lp eller bare lyst til at h\u00f8re mere? Hos Wonderstay sidder vi altid [&hellip;]\" \/>\n<meta property=\"og:url\" content=\"https:\/\/wonderstay.dk\/fr\/contactez-nous\/\" \/>\n<meta property=\"og:site_name\" content=\"Wonderstay Housing\" \/>\n<meta property=\"article:modified_time\" content=\"2025-09-14T18:37:13+00:00\" \/>\n<meta name=\"twitter:card\" content=\"summary_large_image\" \/>\n<meta name=\"twitter:label1\" content=\"Dur\u00e9e de lecture estim\u00e9e\" \/>\n\t<meta name=\"twitter:data1\" content=\"1 minute\" \/>\n<script type=\"application\/ld+json\" class=\"yoast-schema-graph\">{\"@context\":\"https:\/\/schema.org\",\"@graph\":[{\"@type\":\"WebPage\",\"@id\":\"https:\/\/wonderstay.dk\/kontakt-os\/\",\"url\":\"https:\/\/wonderstay.dk\/kontakt-os\/\",\"name\":\"Kontakt os - Wonderstay Housing\",\"isPartOf\":{\"@id\":\"https:\/\/wonderstay.dk\/#website\"},\"datePublished\":\"2024-08-30T09:20:36+00:00\",\"dateModified\":\"2025-09-14T18:37:13+00:00\",\"breadcrumb\":{\"@id\":\"https:\/\/wonderstay.dk\/kontakt-os\/#breadcrumb\"},\"inLanguage\":\"fr-FR\",\"potentialAction\":[{\"@type\":\"ReadAction\",\"target\":[\"https:\/\/wonderstay.dk\/kontakt-os\/\"]}]},{\"@type\":\"BreadcrumbList\",\"@id\":\"https:\/\/wonderstay.dk\/kontakt-os\/#breadcrumb\",\"itemListElement\":[{\"@type\":\"ListItem\",\"position\":1,\"name\":\"Home\",\"item\":\"https:\/\/wonderstay.dk\/\"},{\"@type\":\"ListItem\",\"position\":2,\"name\":\"Kontakt os\"}]},{\"@type\":\"WebSite\",\"@id\":\"https:\/\/wonderstay.dk\/#website\",\"url\":\"https:\/\/wonderstay.dk\/\",\"name\":\"Wonderstay Housing\",\"description\":\"Wonderstay\",\"potentialAction\":[{\"@type\":\"SearchAction\",\"target\":{\"@type\":\"EntryPoint\",\"urlTemplate\":\"https:\/\/wonderstay.dk\/?s={search_term_string}\"},\"query-input\":{\"@type\":\"PropertyValueSpecification\",\"valueRequired\":true,\"valueName\":\"search_term_string\"}}],\"inLanguage\":\"fr-FR\"}]}<\/script>\n<!-- \/ Yoast SEO plugin. -->","yoast_head_json":{"title":"Contactez-nous - Wonderstay Housing","robots":{"index":"index","follow":"follow","max-snippet":"max-snippet:-1","max-image-preview":"max-image-preview:large","max-video-preview":"max-video-preview:-1"},"canonical":"https:\/\/wonderstay.dk\/fr\/contactez-nous\/","og_locale":"fr_FR","og_type":"article","og_title":"Kontakt os - Wonderstay Housing","og_description":"Kontakt os Kontakt os Har du sp\u00f8rgsm\u00e5l, brug for hj\u00e6lp eller bare lyst til at h\u00f8re mere? Hos Wonderstay sidder vi altid [&hellip;]","og_url":"https:\/\/wonderstay.dk\/fr\/contactez-nous\/","og_site_name":"Wonderstay Housing","article_modified_time":"2025-09-14T18:37:13+00:00","twitter_card":"summary_large_image","twitter_misc":{"Dur\u00e9e de lecture estim\u00e9e":"1 minute"},"schema":{"@context":"https:\/\/schema.org","@graph":[{"@type":"WebPage","@id":"https:\/\/wonderstay.dk\/kontakt-os\/","url":"https:\/\/wonderstay.dk\/kontakt-os\/","name":"Contactez-nous - Wonderstay Housing","isPartOf":{"@id":"https:\/\/wonderstay.dk\/#website"},"datePublished":"2024-08-30T09:20:36+00:00","dateModified":"2025-09-14T18:37:13+00:00","breadcrumb":{"@id":"https:\/\/wonderstay.dk\/kontakt-os\/#breadcrumb"},"inLanguage":"fr-FR","potentialAction":[{"@type":"ReadAction","target":["https:\/\/wonderstay.dk\/kontakt-os\/"]}]},{"@type":"BreadcrumbList","@id":"https:\/\/wonderstay.dk\/kontakt-os\/#breadcrumb","itemListElement":[{"@type":"ListItem","position":1,"name":"Home","item":"https:\/\/wonderstay.dk\/"},{"@type":"ListItem","position":2,"name":"Kontakt os"}]},{"@type":"WebSite","@id":"https:\/\/wonderstay.dk\/#website","url":"https:\/\/wonderstay.dk\/","name":"Logement Wonderstay","description":"Wonderstay","potentialAction":[{"@type":"SearchAction","target":{"@type":"EntryPoint","urlTemplate":"https:\/\/wonderstay.dk\/?s={search_term_string}"},"query-input":{"@type":"PropertyValueSpecification","valueRequired":true,"valueName":"search_term_string"}}],"inLanguage":"fr-FR"}]}},"_links":{"self":[{"href":"https:\/\/wonderstay.dk\/fr\/wp-json\/wp\/v2\/pages\/68","targetHints":{"allow":["GET"]}}],"collection":[{"href":"https:\/\/wonderstay.dk\/fr\/wp-json\/wp\/v2\/pages"}],"about":[{"href":"https:\/\/wonderstay.dk\/fr\/wp-json\/wp\/v2\/types\/page"}],"author":[{"embeddable":true,"href":"https:\/\/wonderstay.dk\/fr\/wp-json\/wp\/v2\/users\/1"}],"replies":[{"embeddable":true,"href":"https:\/\/wonderstay.dk\/fr\/wp-json\/wp\/v2\/comments?post=68"}],"version-history":[{"count":25,"href":"https:\/\/wonderstay.dk\/fr\/wp-json\/wp\/v2\/pages\/68\/revisions"}],"predecessor-version":[{"id":975,"href":"https:\/\/wonderstay.dk\/fr\/wp-json\/wp\/v2\/pages\/68\/revisions\/975"}],"wp:attachment":[{"href":"https:\/\/wonderstay.dk\/fr\/wp-json\/wp\/v2\/media?parent=68"}],"curies":[{"name":"wp","href":"https:\/\/api.w.org\/{rel}","templated":true}]}}