{"id":493,"date":"2025-09-07T21:46:46","date_gmt":"2025-09-07T21:46:46","guid":{"rendered":"https:\/\/wonderstay.dk\/?page_id=493"},"modified":"2025-09-07T21:47:28","modified_gmt":"2025-09-07T21:47:28","slug":"regole-della-casa","status":"publish","type":"page","link":"https:\/\/wonderstay.dk\/it\/regole-della-casa\/","title":{"rendered":"Regole della casa"},"content":{"rendered":"<h1 data-pm-slice=\"0 0 []\">Regole della casa<\/h1>\n<p data-pm-slice=\"0 0 []\"><strong>\ud83c\udf89 Feste o eventi<\/strong><br \/>\n\u274c Non sono ammesse feste o eventi.<\/p>\n<p><strong>\ud83d\udc36 Animali domestici<\/strong><br \/>\nNon sono ammessi animali domestici.<\/p>\n<p><strong>Ospiti non registrati<\/strong><br \/>\nNon sono ammessi ospiti non registrati.<\/p>\n<p><strong>\ud83d\udd07 Rumori forti<\/strong><br \/>\n\u274c Niente rumori o musica ad alto volume dopo le 21:00.<\/p>\n<p><strong>\ud83d\udc5f Scarpe<\/strong><br \/>\nSi prega di togliere le scarpe all'ingresso.<\/p>\n<p><strong>\ud83d\udc4d Trattare le cose in modo corretto<\/strong><br \/>\nTrattare le cose in modo corretto. Prendetevi cura dell'inventario.<br \/>\nNon spostate i mobili e, se lo fate, rimetteteli al loro posto quando lasciate la propriet\u00e0.<\/p>\n<p><strong>\ud83e\uddfc Mettete le stoviglie sporche in lavastoviglie<\/strong><br \/>\n\u00c8 presente una lavastoviglie. Si prega di caricare le stoviglie sporche e di avviare la macchina prima di partire o di lavarle a mano nel lavandino.<\/p>\n<p><strong>Cibo e bevande<\/strong><br \/>\n\u26a0\ufe0f Si prega di non mangiare e bere nelle camere.<br \/>\nSi prega di mangiare al tavolo da pranzo o in salotto al tavolino.<\/p>\n<p><strong>\ud83c\udf7a Bevande alcoliche<\/strong><br \/>\n\u274c Non \u00e8 consentito bere alcolici in grandi quantit\u00e0. Non \u00e8 consentito bere eccessivamente.<\/p>\n<p><strong>Il fumo<\/strong><br \/>\nNon \u00e8 consentito fumare nell'appartamento. \u00c8 possibile fumare all'esterno dell'ingresso. Assicurarsi che la porta sia chiusa.<\/p>\n<p><strong>Check-in\/check-out tardivo<\/strong><br \/>\n\u26a0\ufe0f Si prega di rispettare le regole di check-in e check-out.<br \/>\n\u26a0\ufe0f Per il check-out tardivo, chiedere prima all'albergatore.<\/p>","protected":false},"excerpt":{"rendered":"<p>Regole della casa \ud83c\udf89 Feste o eventi \u274c Non sono consentite feste o eventi. \ud83d\udc36 Animali domestici \u274c Gli animali domestici non sono ammessi. Ospiti non registrati \u274c [\u2026]<\/p>","protected":false},"author":1,"featured_media":0,"parent":0,"menu_order":0,"comment_status":"closed","ping_status":"closed","template":"","meta":{"footnotes":""},"class_list":["post-493","page","type-page","status-publish","hentry"],"yoast_head":"<!-- This site is optimized with the Yoast SEO plugin v26.6 - https:\/\/yoast.com\/wordpress\/plugins\/seo\/ -->\n<title>Husregler - Wonderstay Housing<\/title>\n<meta name=\"robots\" content=\"index, follow, max-snippet:-1, max-image-preview:large, max-video-preview:-1\" \/>\n<link rel=\"canonical\" href=\"https:\/\/wonderstay.dk\/it\/regole-della-casa\/\" \/>\n<meta property=\"og:locale\" content=\"it_IT\" \/>\n<meta property=\"og:type\" content=\"article\" \/>\n<meta property=\"og:title\" content=\"Husregler - Wonderstay Housing\" \/>\n<meta property=\"og:description\" content=\"Husregler \ud83c\udf89 Fester eller arrangementer \u274c Ingen fester eller arrangementer er tilladt. \ud83d\udc36 K\u00e6ledyr \u274c K\u00e6ledyr er ikke tilladt. Uregistrerede g\u00e6ster \u274c [&hellip;]\" \/>\n<meta property=\"og:url\" content=\"https:\/\/wonderstay.dk\/it\/regole-della-casa\/\" \/>\n<meta property=\"og:site_name\" content=\"Wonderstay Housing\" \/>\n<meta property=\"article:modified_time\" content=\"2025-09-07T21:47:28+00:00\" \/>\n<meta name=\"twitter:card\" content=\"summary_large_image\" \/>\n<meta name=\"twitter:label1\" content=\"Tempo di lettura stimato\" \/>\n\t<meta name=\"twitter:data1\" content=\"1 minuto\" \/>\n<script type=\"application\/ld+json\" class=\"yoast-schema-graph\">{\"@context\":\"https:\/\/schema.org\",\"@graph\":[{\"@type\":\"WebPage\",\"@id\":\"https:\/\/wonderstay.dk\/husregler\/\",\"url\":\"https:\/\/wonderstay.dk\/husregler\/\",\"name\":\"Husregler - Wonderstay Housing\",\"isPartOf\":{\"@id\":\"https:\/\/wonderstay.dk\/#website\"},\"datePublished\":\"2025-09-07T21:46:46+00:00\",\"dateModified\":\"2025-09-07T21:47:28+00:00\",\"breadcrumb\":{\"@id\":\"https:\/\/wonderstay.dk\/husregler\/#breadcrumb\"},\"inLanguage\":\"it-IT\",\"potentialAction\":[{\"@type\":\"ReadAction\",\"target\":[\"https:\/\/wonderstay.dk\/husregler\/\"]}]},{\"@type\":\"BreadcrumbList\",\"@id\":\"https:\/\/wonderstay.dk\/husregler\/#breadcrumb\",\"itemListElement\":[{\"@type\":\"ListItem\",\"position\":1,\"name\":\"Home\",\"item\":\"https:\/\/wonderstay.dk\/\"},{\"@type\":\"ListItem\",\"position\":2,\"name\":\"Husregler\"}]},{\"@type\":\"WebSite\",\"@id\":\"https:\/\/wonderstay.dk\/#website\",\"url\":\"https:\/\/wonderstay.dk\/\",\"name\":\"Wonderstay Housing\",\"description\":\"Wonderstay\",\"potentialAction\":[{\"@type\":\"SearchAction\",\"target\":{\"@type\":\"EntryPoint\",\"urlTemplate\":\"https:\/\/wonderstay.dk\/?s={search_term_string}\"},\"query-input\":{\"@type\":\"PropertyValueSpecification\",\"valueRequired\":true,\"valueName\":\"search_term_string\"}}],\"inLanguage\":\"it-IT\"}]}<\/script>\n<!-- \/ Yoast SEO plugin. -->","yoast_head_json":{"title":"Regole della casa - Wonderstay Housing","robots":{"index":"index","follow":"follow","max-snippet":"max-snippet:-1","max-image-preview":"max-image-preview:large","max-video-preview":"max-video-preview:-1"},"canonical":"https:\/\/wonderstay.dk\/it\/regole-della-casa\/","og_locale":"it_IT","og_type":"article","og_title":"Husregler - Wonderstay Housing","og_description":"Husregler \ud83c\udf89 Fester eller arrangementer \u274c Ingen fester eller arrangementer er tilladt. \ud83d\udc36 K\u00e6ledyr \u274c K\u00e6ledyr er ikke tilladt. Uregistrerede g\u00e6ster \u274c [&hellip;]","og_url":"https:\/\/wonderstay.dk\/it\/regole-della-casa\/","og_site_name":"Wonderstay Housing","article_modified_time":"2025-09-07T21:47:28+00:00","twitter_card":"summary_large_image","twitter_misc":{"Tempo di lettura stimato":"1 minuto"},"schema":{"@context":"https:\/\/schema.org","@graph":[{"@type":"WebPage","@id":"https:\/\/wonderstay.dk\/husregler\/","url":"https:\/\/wonderstay.dk\/husregler\/","name":"Regole della casa - Wonderstay Housing","isPartOf":{"@id":"https:\/\/wonderstay.dk\/#website"},"datePublished":"2025-09-07T21:46:46+00:00","dateModified":"2025-09-07T21:47:28+00:00","breadcrumb":{"@id":"https:\/\/wonderstay.dk\/husregler\/#breadcrumb"},"inLanguage":"it-IT","potentialAction":[{"@type":"ReadAction","target":["https:\/\/wonderstay.dk\/husregler\/"]}]},{"@type":"BreadcrumbList","@id":"https:\/\/wonderstay.dk\/husregler\/#breadcrumb","itemListElement":[{"@type":"ListItem","position":1,"name":"Home","item":"https:\/\/wonderstay.dk\/"},{"@type":"ListItem","position":2,"name":"Husregler"}]},{"@type":"WebSite","@id":"https:\/\/wonderstay.dk\/#website","url":"https:\/\/wonderstay.dk\/","name":"Alloggi Wonderstay","description":"Wonderstay","potentialAction":[{"@type":"SearchAction","target":{"@type":"EntryPoint","urlTemplate":"https:\/\/wonderstay.dk\/?s={search_term_string}"},"query-input":{"@type":"PropertyValueSpecification","valueRequired":true,"valueName":"search_term_string"}}],"inLanguage":"it-IT"}]}},"_links":{"self":[{"href":"https:\/\/wonderstay.dk\/it\/wp-json\/wp\/v2\/pages\/493","targetHints":{"allow":["GET"]}}],"collection":[{"href":"https:\/\/wonderstay.dk\/it\/wp-json\/wp\/v2\/pages"}],"about":[{"href":"https:\/\/wonderstay.dk\/it\/wp-json\/wp\/v2\/types\/page"}],"author":[{"embeddable":true,"href":"https:\/\/wonderstay.dk\/it\/wp-json\/wp\/v2\/users\/1"}],"replies":[{"embeddable":true,"href":"https:\/\/wonderstay.dk\/it\/wp-json\/wp\/v2\/comments?post=493"}],"version-history":[{"count":2,"href":"https:\/\/wonderstay.dk\/it\/wp-json\/wp\/v2\/pages\/493\/revisions"}],"predecessor-version":[{"id":495,"href":"https:\/\/wonderstay.dk\/it\/wp-json\/wp\/v2\/pages\/493\/revisions\/495"}],"wp:attachment":[{"href":"https:\/\/wonderstay.dk\/it\/wp-json\/wp\/v2\/media?parent=493"}],"curies":[{"name":"parola chiave","href":"https:\/\/api.w.org\/{rel}","templated":true}]}}