{"id":493,"date":"2025-09-07T21:46:46","date_gmt":"2025-09-07T21:46:46","guid":{"rendered":"https:\/\/wonderstay.dk\/?page_id=493"},"modified":"2025-09-07T21:47:28","modified_gmt":"2025-09-07T21:47:28","slug":"namu-taisykles","status":"publish","type":"page","link":"https:\/\/wonderstay.dk\/lt\/namu-taisykles\/","title":{"rendered":"Nam\u0173 taisykl\u0117s"},"content":{"rendered":"<h1 data-pm-slice=\"0 0 []\">Nam\u0173 taisykl\u0117s<\/h1>\n<p data-pm-slice=\"0 0 []\"><strong>\ud83c\udf89 Vakar\u0117liai ar renginiai<\/strong><br \/>\n\u274c Vakar\u0117liai ar renginiai draud\u017eiami.<\/p>\n<p><strong>\ud83d\udc36 Augintiniai<\/strong><br \/>\n\u274c Augintiniai draud\u017eiami.<\/p>\n<p><strong>Neregistruoti sve\u010diai<\/strong><br \/>\n\u274c Neregistruoti sve\u010diai ne\u012fleid\u017eiami.<\/p>\n<p><strong>\ud83d\udd07 Gars\u016bs triuk\u0161mai<\/strong><br \/>\n\u274c Po 21:00 val. draud\u017eiama garsiai triuk\u0161mauti ar klausytis muzikos.<\/p>\n<p><strong>\ud83d\udc5f Batai<\/strong><br \/>\n\u2705 Pra\u0161ome nusiauti batus prie\u0161kambaryje.<\/p>\n<p><strong>\ud83d\udc4d Elkit\u0117s su daiktais tinkamai<\/strong><br \/>\n\u2705 Elkit\u0117s su daiktais tinkamai. R\u016bpinkit\u0117s inventoriumi.<br \/>\n\u274c Nejudinkite bald\u0173 \u2013 o jei taip darote, juos b\u016btinai pad\u0117kite atgal \u012f tas vietas, kuriose jie buvo i\u0161vykstant i\u0161 patalp\u0173.<\/p>\n<p><strong>\ud83e\uddfc \u012ed\u0117kite ne\u0161varius indus \u012f indaplov\u0119<\/strong><br \/>\nYra indaplov\u0117. Prie\u0161 i\u0161eidami, sud\u0117kite ne\u0161varius indus ir \u012fjunkite skalbimo ma\u0161in\u0105 arba i\u0161plaukite juos rankomis kriaukl\u0117je.<\/p>\n<p><strong>Maistas ir g\u0117rimai<\/strong><br \/>\n\u26a0\ufe0f Pra\u0161ome nevalgyti ir negerti miegamuosiuose.<br \/>\n\u2705 Pra\u0161ome valgyti prie valgomojo stalo arba svetain\u0117je prie kavos staliuko.<\/p>\n<p><strong>\ud83c\udf7a Alkoholiniai g\u0117rimai<\/strong><br \/>\n\u274c Dideliais kiekiais vartoti alkohol\u012f draud\u017eiama. Per didelis alkoholio vartojimas neleid\u017eiamas.<\/p>\n<p><strong>R\u016bkymas<\/strong><br \/>\n\u274c Bute r\u016bkyti draud\u017eiama. R\u016bkyti galite lauke prie \u012f\u0117jimo. \u012esitikinkite, kad durys u\u017edarytos.<\/p>\n<p><strong>V\u0117lyvas atvykimas \/ i\u0161vykimas<\/strong><br \/>\n\u26a0\ufe0f Pra\u0161ome laikytis atvykimo ir i\u0161vykimo taisykli\u0173.<br \/>\n\u26a0\ufe0f Pirmiausia paklauskite \u0161eimininko apie v\u0117lyv\u0105 i\u0161siregistravim\u0105.<\/p>","protected":false},"excerpt":{"rendered":"<p>Nam\u0173 taisykl\u0117s \ud83c\udf89 Vakar\u0117liai arba renginiai \u274c Vakar\u0117liai ar renginiai draud\u017eiami. \ud83d\udc36 Gyv\u016bnai \u274c Gyv\u016bnai draud\u017eiami. Neregistruoti sve\u010diai \u274c [\u2026]<\/p>","protected":false},"author":1,"featured_media":0,"parent":0,"menu_order":0,"comment_status":"closed","ping_status":"closed","template":"","meta":{"footnotes":""},"class_list":["post-493","page","type-page","status-publish","hentry"],"yoast_head":"<!-- This site is optimized with the Yoast SEO plugin v26.6 - https:\/\/yoast.com\/wordpress\/plugins\/seo\/ -->\n<title>Husregler - Wonderstay Housing<\/title>\n<meta name=\"robots\" content=\"index, follow, max-snippet:-1, max-image-preview:large, max-video-preview:-1\" \/>\n<link rel=\"canonical\" href=\"https:\/\/wonderstay.dk\/lt\/namu-taisykles\/\" \/>\n<meta property=\"og:locale\" content=\"lt_LT\" \/>\n<meta property=\"og:type\" content=\"article\" \/>\n<meta property=\"og:title\" content=\"Husregler - Wonderstay Housing\" \/>\n<meta property=\"og:description\" content=\"Husregler \ud83c\udf89 Fester eller arrangementer \u274c Ingen fester eller arrangementer er tilladt. \ud83d\udc36 K\u00e6ledyr \u274c K\u00e6ledyr er ikke tilladt. Uregistrerede g\u00e6ster \u274c [&hellip;]\" \/>\n<meta property=\"og:url\" content=\"https:\/\/wonderstay.dk\/lt\/namu-taisykles\/\" \/>\n<meta property=\"og:site_name\" content=\"Wonderstay Housing\" \/>\n<meta property=\"article:modified_time\" content=\"2025-09-07T21:47:28+00:00\" \/>\n<meta name=\"twitter:card\" content=\"summary_large_image\" \/>\n<meta name=\"twitter:label1\" content=\"Est. reading time\" \/>\n\t<meta name=\"twitter:data1\" content=\"1 minut\u0117\" \/>\n<script type=\"application\/ld+json\" class=\"yoast-schema-graph\">{\"@context\":\"https:\/\/schema.org\",\"@graph\":[{\"@type\":\"WebPage\",\"@id\":\"https:\/\/wonderstay.dk\/husregler\/\",\"url\":\"https:\/\/wonderstay.dk\/husregler\/\",\"name\":\"Husregler - Wonderstay Housing\",\"isPartOf\":{\"@id\":\"https:\/\/wonderstay.dk\/#website\"},\"datePublished\":\"2025-09-07T21:46:46+00:00\",\"dateModified\":\"2025-09-07T21:47:28+00:00\",\"breadcrumb\":{\"@id\":\"https:\/\/wonderstay.dk\/husregler\/#breadcrumb\"},\"inLanguage\":\"lt-LT\",\"potentialAction\":[{\"@type\":\"ReadAction\",\"target\":[\"https:\/\/wonderstay.dk\/husregler\/\"]}]},{\"@type\":\"BreadcrumbList\",\"@id\":\"https:\/\/wonderstay.dk\/husregler\/#breadcrumb\",\"itemListElement\":[{\"@type\":\"ListItem\",\"position\":1,\"name\":\"Home\",\"item\":\"https:\/\/wonderstay.dk\/\"},{\"@type\":\"ListItem\",\"position\":2,\"name\":\"Husregler\"}]},{\"@type\":\"WebSite\",\"@id\":\"https:\/\/wonderstay.dk\/#website\",\"url\":\"https:\/\/wonderstay.dk\/\",\"name\":\"Wonderstay Housing\",\"description\":\"Wonderstay\",\"potentialAction\":[{\"@type\":\"SearchAction\",\"target\":{\"@type\":\"EntryPoint\",\"urlTemplate\":\"https:\/\/wonderstay.dk\/?s={search_term_string}\"},\"query-input\":{\"@type\":\"PropertyValueSpecification\",\"valueRequired\":true,\"valueName\":\"search_term_string\"}}],\"inLanguage\":\"lt-LT\"}]}<\/script>\n<!-- \/ Yoast SEO plugin. -->","yoast_head_json":{"title":"Nam\u0173 taisykl\u0117s \u2013 \u201eWonderstay Housing\u201c","robots":{"index":"index","follow":"follow","max-snippet":"max-snippet:-1","max-image-preview":"max-image-preview:large","max-video-preview":"max-video-preview:-1"},"canonical":"https:\/\/wonderstay.dk\/lt\/namu-taisykles\/","og_locale":"lt_LT","og_type":"article","og_title":"Husregler - Wonderstay Housing","og_description":"Husregler \ud83c\udf89 Fester eller arrangementer \u274c Ingen fester eller arrangementer er tilladt. \ud83d\udc36 K\u00e6ledyr \u274c K\u00e6ledyr er ikke tilladt. Uregistrerede g\u00e6ster \u274c [&hellip;]","og_url":"https:\/\/wonderstay.dk\/lt\/namu-taisykles\/","og_site_name":"Wonderstay Housing","article_modified_time":"2025-09-07T21:47:28+00:00","twitter_card":"summary_large_image","twitter_misc":{"Est. reading time":"1 minut\u0117"},"schema":{"@context":"https:\/\/schema.org","@graph":[{"@type":"WebPage","@id":"https:\/\/wonderstay.dk\/husregler\/","url":"https:\/\/wonderstay.dk\/husregler\/","name":"Nam\u0173 taisykl\u0117s \u2013 \u201eWonderstay Housing\u201c","isPartOf":{"@id":"https:\/\/wonderstay.dk\/#website"},"datePublished":"2025-09-07T21:46:46+00:00","dateModified":"2025-09-07T21:47:28+00:00","breadcrumb":{"@id":"https:\/\/wonderstay.dk\/husregler\/#breadcrumb"},"inLanguage":"lt-LT","potentialAction":[{"@type":"ReadAction","target":["https:\/\/wonderstay.dk\/husregler\/"]}]},{"@type":"BreadcrumbList","@id":"https:\/\/wonderstay.dk\/husregler\/#breadcrumb","itemListElement":[{"@type":"ListItem","position":1,"name":"Home","item":"https:\/\/wonderstay.dk\/"},{"@type":"ListItem","position":2,"name":"Husregler"}]},{"@type":"WebSite","@id":"https:\/\/wonderstay.dk\/#website","url":"https:\/\/wonderstay.dk\/","name":"\"Wonderstay Housing","description":"Wonderstay","potentialAction":[{"@type":"SearchAction","target":{"@type":"EntryPoint","urlTemplate":"https:\/\/wonderstay.dk\/?s={search_term_string}"},"query-input":{"@type":"PropertyValueSpecification","valueRequired":true,"valueName":"search_term_string"}}],"inLanguage":"lt-LT"}]}},"_links":{"self":[{"href":"https:\/\/wonderstay.dk\/lt\/wp-json\/wp\/v2\/pages\/493","targetHints":{"allow":["GET"]}}],"collection":[{"href":"https:\/\/wonderstay.dk\/lt\/wp-json\/wp\/v2\/pages"}],"about":[{"href":"https:\/\/wonderstay.dk\/lt\/wp-json\/wp\/v2\/types\/page"}],"author":[{"embeddable":true,"href":"https:\/\/wonderstay.dk\/lt\/wp-json\/wp\/v2\/users\/1"}],"replies":[{"embeddable":true,"href":"https:\/\/wonderstay.dk\/lt\/wp-json\/wp\/v2\/comments?post=493"}],"version-history":[{"count":2,"href":"https:\/\/wonderstay.dk\/lt\/wp-json\/wp\/v2\/pages\/493\/revisions"}],"predecessor-version":[{"id":495,"href":"https:\/\/wonderstay.dk\/lt\/wp-json\/wp\/v2\/pages\/493\/revisions\/495"}],"wp:attachment":[{"href":"https:\/\/wonderstay.dk\/lt\/wp-json\/wp\/v2\/media?parent=493"}],"curies":[{"name":"wp","href":"https:\/\/api.w.org\/{rel}","templated":true}]}}