{"id":493,"date":"2025-09-07T21:46:46","date_gmt":"2025-09-07T21:46:46","guid":{"rendered":"https:\/\/wonderstay.dk\/?page_id=493"},"modified":"2025-09-07T21:47:28","modified_gmt":"2025-09-07T21:47:28","slug":"majas-noteikumi","status":"publish","type":"page","link":"https:\/\/wonderstay.dk\/lv\/majas-noteikumi\/","title":{"rendered":"M\u0101jas noteikumi"},"content":{"rendered":"<h1 data-pm-slice=\"0 0 []\">M\u0101jas noteikumi<\/h1>\n<p data-pm-slice=\"0 0 []\"><strong>\ud83c\udf89 Ball\u012btes vai pas\u0101kumi<\/strong><br \/>\n\u274c Ball\u012btes vai pas\u0101kumi nav at\u013cauti.<\/p>\n<p><strong>\ud83d\udc36 M\u0101jdz\u012bvnieki<\/strong><br \/>\n\u274c M\u0101jdz\u012bvnieki nav at\u013cauti.<\/p>\n<p><strong>Nere\u0123istr\u0113ti viesi<\/strong><br \/>\n\u274c Nere\u0123istr\u0113ti viesi nav at\u013cauti.<\/p>\n<p><strong>\ud83d\udd07 Ska\u013ci trok\u0161\u0146i<\/strong><br \/>\n\u274c P\u0113c pulksten 21:00 nav at\u013cauts ska\u013c\u0161 troksnis vai m\u016bzika.<\/p>\n<p><strong>\ud83d\udc5f Apavi<\/strong><br \/>\n\u2705 L\u016bdzu, novelciet apavus ieejas gaiten\u012b.<\/p>\n<p><strong>\ud83d\udc4d Izturieties pret liet\u0101m pareizi<\/strong><br \/>\n\u2705 Pareizi izturieties pret liet\u0101m. R\u016bp\u0113jieties par invent\u0101ru.<br \/>\n\u274c Nep\u0101rvietojiet m\u0113beles \u2013 un, ja to dar\u0101t, t\u0101s j\u0101noliek atpaka\u013c tur, kur t\u0101s atrad\u0101s, kad atst\u0101j\u0101t \u012bpa\u0161umu.<\/p>\n<p><strong>\ud83e\uddfc Ievietojiet net\u012bros traukus trauku mazg\u0101jamaj\u0101 ma\u0161\u012bn\u0101<\/strong><br \/>\nIr trauku mazg\u0101jam\u0101 ma\u0161\u012bna. L\u016bdzu, ievietojiet net\u012bros traukus un iedarbiniet to pirms aizie\u0161anas vai ar\u012b nomazg\u0101jiet tos ar rok\u0101m izlietn\u0113.<\/p>\n<p><strong>\u0112diens un dz\u0113rieni<\/strong><br \/>\n\u26a0\ufe0f L\u016bdzu, ne\u0113diet un nedzeriet gu\u013camistab\u0101s.<br \/>\n\u2705 L\u016bdzu, \u0113diet pie \u0113damgalda vai viesistab\u0101 pie kafijas galdi\u0146a.<\/p>\n<p><strong>\ud83c\udf7a Alkoholiskie dz\u0113rieni<\/strong><br \/>\n\u274c Alkohols lielos daudzumos nav at\u013cauts. P\u0101rm\u0113r\u012bga alkohola lieto\u0161ana nav at\u013cauta.<\/p>\n<p><strong>Sm\u0113\u0137\u0113\u0161ana<\/strong><br \/>\n\u274c Dz\u012bvokl\u012b sm\u0113\u0137\u0113t nav at\u013cauts. Sm\u0113\u0137\u0113t dr\u012bkst \u0101r\u0101 pie ieejas. P\u0101rliecinieties, ka durvis ir aizv\u0113rtas.<\/p>\n<p><strong>V\u0113la iera\u0161an\u0101s\/izrakst\u012b\u0161an\u0101s<\/strong><br \/>\n\u26a0\ufe0f L\u016bdzu, iev\u0113rojiet re\u0123istr\u0113\u0161an\u0101s un izrakst\u012b\u0161an\u0101s noteikumus.<br \/>\n\u26a0\ufe0f Vispirms pajaut\u0101jiet saimniekam par v\u0113lu izrakst\u012b\u0161anos.<\/p>","protected":false},"excerpt":{"rendered":"<p>M\u0101jas noteikumi \ud83c\udf89 Ball\u012btes vai pas\u0101kumi \u274c Ball\u012btes vai pas\u0101kumi nav at\u013cauti. \ud83d\udc36 M\u0101jdz\u012bvnieki \u274c M\u0101jdz\u012bvnieki nav at\u013cauti. Nere\u0123istr\u0113ti viesi \u274c [\u2026]<\/p>","protected":false},"author":1,"featured_media":0,"parent":0,"menu_order":0,"comment_status":"closed","ping_status":"closed","template":"","meta":{"footnotes":""},"class_list":["post-493","page","type-page","status-publish","hentry"],"yoast_head":"<!-- This site is optimized with the Yoast SEO plugin v26.6 - https:\/\/yoast.com\/wordpress\/plugins\/seo\/ -->\n<title>Husregler - Wonderstay Housing<\/title>\n<meta name=\"robots\" content=\"index, follow, max-snippet:-1, max-image-preview:large, max-video-preview:-1\" \/>\n<link rel=\"canonical\" href=\"https:\/\/wonderstay.dk\/lv\/majas-noteikumi\/\" \/>\n<meta property=\"og:locale\" content=\"lv_LV\" \/>\n<meta property=\"og:type\" content=\"article\" \/>\n<meta property=\"og:title\" content=\"Husregler - Wonderstay Housing\" \/>\n<meta property=\"og:description\" content=\"Husregler \ud83c\udf89 Fester eller arrangementer \u274c Ingen fester eller arrangementer er tilladt. \ud83d\udc36 K\u00e6ledyr \u274c K\u00e6ledyr er ikke tilladt. Uregistrerede g\u00e6ster \u274c [&hellip;]\" \/>\n<meta property=\"og:url\" content=\"https:\/\/wonderstay.dk\/lv\/majas-noteikumi\/\" \/>\n<meta property=\"og:site_name\" content=\"Wonderstay Housing\" \/>\n<meta property=\"article:modified_time\" content=\"2025-09-07T21:47:28+00:00\" \/>\n<meta name=\"twitter:card\" content=\"summary_large_image\" \/>\n<meta name=\"twitter:label1\" content=\"Est. reading time\" \/>\n\t<meta name=\"twitter:data1\" content=\"1 min\u016bte\" \/>\n<script type=\"application\/ld+json\" class=\"yoast-schema-graph\">{\"@context\":\"https:\/\/schema.org\",\"@graph\":[{\"@type\":\"WebPage\",\"@id\":\"https:\/\/wonderstay.dk\/husregler\/\",\"url\":\"https:\/\/wonderstay.dk\/husregler\/\",\"name\":\"Husregler - Wonderstay Housing\",\"isPartOf\":{\"@id\":\"https:\/\/wonderstay.dk\/#website\"},\"datePublished\":\"2025-09-07T21:46:46+00:00\",\"dateModified\":\"2025-09-07T21:47:28+00:00\",\"breadcrumb\":{\"@id\":\"https:\/\/wonderstay.dk\/husregler\/#breadcrumb\"},\"inLanguage\":\"lv-LV\",\"potentialAction\":[{\"@type\":\"ReadAction\",\"target\":[\"https:\/\/wonderstay.dk\/husregler\/\"]}]},{\"@type\":\"BreadcrumbList\",\"@id\":\"https:\/\/wonderstay.dk\/husregler\/#breadcrumb\",\"itemListElement\":[{\"@type\":\"ListItem\",\"position\":1,\"name\":\"Home\",\"item\":\"https:\/\/wonderstay.dk\/\"},{\"@type\":\"ListItem\",\"position\":2,\"name\":\"Husregler\"}]},{\"@type\":\"WebSite\",\"@id\":\"https:\/\/wonderstay.dk\/#website\",\"url\":\"https:\/\/wonderstay.dk\/\",\"name\":\"Wonderstay Housing\",\"description\":\"Wonderstay\",\"potentialAction\":[{\"@type\":\"SearchAction\",\"target\":{\"@type\":\"EntryPoint\",\"urlTemplate\":\"https:\/\/wonderstay.dk\/?s={search_term_string}\"},\"query-input\":{\"@type\":\"PropertyValueSpecification\",\"valueRequired\":true,\"valueName\":\"search_term_string\"}}],\"inLanguage\":\"lv-LV\"}]}<\/script>\n<!-- \/ Yoast SEO plugin. -->","yoast_head_json":{"title":"M\u0101jas noteikumi - Wonderstay Housing","robots":{"index":"index","follow":"follow","max-snippet":"max-snippet:-1","max-image-preview":"max-image-preview:large","max-video-preview":"max-video-preview:-1"},"canonical":"https:\/\/wonderstay.dk\/lv\/majas-noteikumi\/","og_locale":"lv_LV","og_type":"article","og_title":"Husregler - Wonderstay Housing","og_description":"Husregler \ud83c\udf89 Fester eller arrangementer \u274c Ingen fester eller arrangementer er tilladt. \ud83d\udc36 K\u00e6ledyr \u274c K\u00e6ledyr er ikke tilladt. Uregistrerede g\u00e6ster \u274c [&hellip;]","og_url":"https:\/\/wonderstay.dk\/lv\/majas-noteikumi\/","og_site_name":"Wonderstay Housing","article_modified_time":"2025-09-07T21:47:28+00:00","twitter_card":"summary_large_image","twitter_misc":{"Est. reading time":"1 min\u016bte"},"schema":{"@context":"https:\/\/schema.org","@graph":[{"@type":"WebPage","@id":"https:\/\/wonderstay.dk\/husregler\/","url":"https:\/\/wonderstay.dk\/husregler\/","name":"M\u0101jas noteikumi - Wonderstay Housing","isPartOf":{"@id":"https:\/\/wonderstay.dk\/#website"},"datePublished":"2025-09-07T21:46:46+00:00","dateModified":"2025-09-07T21:47:28+00:00","breadcrumb":{"@id":"https:\/\/wonderstay.dk\/husregler\/#breadcrumb"},"inLanguage":"lv-LV","potentialAction":[{"@type":"ReadAction","target":["https:\/\/wonderstay.dk\/husregler\/"]}]},{"@type":"BreadcrumbList","@id":"https:\/\/wonderstay.dk\/husregler\/#breadcrumb","itemListElement":[{"@type":"ListItem","position":1,"name":"Home","item":"https:\/\/wonderstay.dk\/"},{"@type":"ListItem","position":2,"name":"Husregler"}]},{"@type":"WebSite","@id":"https:\/\/wonderstay.dk\/#website","url":"https:\/\/wonderstay.dk\/","name":"Wonderstay Housing","description":"Wonderstay","potentialAction":[{"@type":"SearchAction","target":{"@type":"EntryPoint","urlTemplate":"https:\/\/wonderstay.dk\/?s={search_term_string}"},"query-input":{"@type":"PropertyValueSpecification","valueRequired":true,"valueName":"search_term_string"}}],"inLanguage":"lv-LV"}]}},"_links":{"self":[{"href":"https:\/\/wonderstay.dk\/lv\/wp-json\/wp\/v2\/pages\/493","targetHints":{"allow":["GET"]}}],"collection":[{"href":"https:\/\/wonderstay.dk\/lv\/wp-json\/wp\/v2\/pages"}],"about":[{"href":"https:\/\/wonderstay.dk\/lv\/wp-json\/wp\/v2\/types\/page"}],"author":[{"embeddable":true,"href":"https:\/\/wonderstay.dk\/lv\/wp-json\/wp\/v2\/users\/1"}],"replies":[{"embeddable":true,"href":"https:\/\/wonderstay.dk\/lv\/wp-json\/wp\/v2\/comments?post=493"}],"version-history":[{"count":2,"href":"https:\/\/wonderstay.dk\/lv\/wp-json\/wp\/v2\/pages\/493\/revisions"}],"predecessor-version":[{"id":495,"href":"https:\/\/wonderstay.dk\/lv\/wp-json\/wp\/v2\/pages\/493\/revisions\/495"}],"wp:attachment":[{"href":"https:\/\/wonderstay.dk\/lv\/wp-json\/wp\/v2\/media?parent=493"}],"curies":[{"name":"wp","href":"https:\/\/api.w.org\/{rel}","templated":true}]}}