{"id":493,"date":"2025-09-07T21:46:46","date_gmt":"2025-09-07T21:46:46","guid":{"rendered":"https:\/\/wonderstay.dk\/?page_id=493"},"modified":"2025-09-07T21:47:28","modified_gmt":"2025-09-07T21:47:28","slug":"regulile-casei","status":"publish","type":"page","link":"https:\/\/wonderstay.dk\/ro\/regulile-casei\/","title":{"rendered":"Regulile casei"},"content":{"rendered":"<h1 data-pm-slice=\"0 0 []\">Regulile casei<\/h1>\n<p data-pm-slice=\"0 0 []\"><strong>\ud83c\udf89 Petreceri sau evenimente<\/strong><br \/>\n\u274c Nu sunt permise petreceri sau evenimente.<\/p>\n<p><strong>\ud83d\udc36 Animale de companie<\/strong><br \/>\n\u274c Animalele de companie nu sunt acceptate.<\/p>\n<p><strong>Oaspe\u021bi ne\u00eenregistra\u021bi<\/strong><br \/>\n\u274c Oaspe\u021bii ne\u00eenregistra\u021bi nu sunt autoriza\u021bi.<\/p>\n<p><strong>\ud83d\udd07 Zgomote puternice<\/strong><br \/>\n\u274c F\u0103r\u0103 zgomote puternice sau muzic\u0103 dup\u0103 ora 21:00.<\/p>\n<p><strong>\ud83d\udc5f Pantofi<\/strong><br \/>\n\u2705 V\u0103 rug\u0103m s\u0103 v\u0103 scoate\u021bi pantofii \u00een holul de la intrare.<\/p>\n<p><strong>\ud83d\udc4d Trata\u021bi lucrurile \u00een mod corespunz\u0103tor<\/strong><br \/>\n\u2705 Trata\u021bi lucrurile corespunz\u0103tor. Ave\u021bi grij\u0103 de inventar.<br \/>\n\u274c Nu deplasa\u021bi mobila - iar dac\u0103 o face\u021bi, pune\u021bi-o la loc atunci c\u00e2nd p\u0103r\u0103si\u021bi proprietatea.<\/p>\n<p><strong>\ud83e\uddfc Pune\u021bi vesela murdar\u0103 \u00een ma\u0219ina de sp\u0103lat vase<\/strong><br \/>\nExist\u0103 o ma\u0219in\u0103 de sp\u0103lat vase. V\u0103 rug\u0103m s\u0103 \u00eenc\u0103rca\u021bi vesela murdar\u0103 \u0219i s\u0103 porni\u021bi ma\u0219ina \u00eenainte de plecare sau s\u0103 o sp\u0103la\u021bi manual \u00een chiuvet\u0103.<\/p>\n<p><strong>M\u00e2ncare \u0219i b\u0103utur\u0103<\/strong><br \/>\n\u26a0\ufe0f V\u0103 rug\u0103m s\u0103 nu m\u00e2nca\u021bi \u0219i s\u0103 nu be\u021bi \u00een dormitoare.<br \/>\n\u2705 V\u0103 rug\u0103m s\u0103 m\u00e2nca\u021bi la mas\u0103 sau \u00een sufragerie la m\u0103su\u021ba de cafea.<\/p>\n<p><strong>\ud83c\udf7a B\u0103uturi alcoolice<\/strong><br \/>\n\u274c Alcoolul nu este permis \u00een cantit\u0103\u021bi mari. Consumul excesiv de alcool nu este permis.<\/p>\n<p><strong>Fumat<\/strong><br \/>\n\u274c Fumatul nu este permis \u00een apartament. Pute\u021bi fuma afar\u0103, la intrare. Asigura\u021bi-v\u0103 c\u0103 u\u0219a este \u00eenchis\u0103.<\/p>\n<p><strong>Check-in\/check-out t\u00e2rziu<\/strong><br \/>\n\u26a0\ufe0f V\u0103 rug\u0103m s\u0103 respecta\u021bi regulile de check-in \u0219i check-out.<br \/>\n\u26a0\ufe0f \u00centreba\u021bi mai \u00eent\u00e2i gazda cu privire la check-out t\u00e2rziu.<\/p>","protected":false},"excerpt":{"rendered":"<p>Regulile casei \ud83c\udf89 Petreceri sau evenimente \u274c Nu sunt permise petreceri sau evenimente. \ud83d\udc36 Animale de companie \u274c Animalele de companie nu sunt permise. Oaspe\u021bi ne\u00eenregistra\u021bi \u274c [\u2026]<\/p>","protected":false},"author":1,"featured_media":0,"parent":0,"menu_order":0,"comment_status":"closed","ping_status":"closed","template":"","meta":{"footnotes":""},"class_list":["post-493","page","type-page","status-publish","hentry"],"yoast_head":"<!-- This site is optimized with the Yoast SEO plugin v26.6 - https:\/\/yoast.com\/wordpress\/plugins\/seo\/ -->\n<title>Husregler - Wonderstay Housing<\/title>\n<meta name=\"robots\" content=\"index, follow, max-snippet:-1, max-image-preview:large, max-video-preview:-1\" \/>\n<link rel=\"canonical\" href=\"https:\/\/wonderstay.dk\/ro\/regulile-casei\/\" \/>\n<meta property=\"og:locale\" content=\"ro_RO\" \/>\n<meta property=\"og:type\" content=\"article\" \/>\n<meta property=\"og:title\" content=\"Husregler - Wonderstay Housing\" \/>\n<meta property=\"og:description\" content=\"Husregler \ud83c\udf89 Fester eller arrangementer \u274c Ingen fester eller arrangementer er tilladt. \ud83d\udc36 K\u00e6ledyr \u274c K\u00e6ledyr er ikke tilladt. Uregistrerede g\u00e6ster \u274c [&hellip;]\" \/>\n<meta property=\"og:url\" content=\"https:\/\/wonderstay.dk\/ro\/regulile-casei\/\" \/>\n<meta property=\"og:site_name\" content=\"Wonderstay Housing\" \/>\n<meta property=\"article:modified_time\" content=\"2025-09-07T21:47:28+00:00\" \/>\n<meta name=\"twitter:card\" content=\"summary_large_image\" \/>\n<meta name=\"twitter:label1\" content=\"Timp estimat pentru citire\" \/>\n\t<meta name=\"twitter:data1\" content=\"1 minut\" \/>\n<script type=\"application\/ld+json\" class=\"yoast-schema-graph\">{\"@context\":\"https:\/\/schema.org\",\"@graph\":[{\"@type\":\"WebPage\",\"@id\":\"https:\/\/wonderstay.dk\/husregler\/\",\"url\":\"https:\/\/wonderstay.dk\/husregler\/\",\"name\":\"Husregler - Wonderstay Housing\",\"isPartOf\":{\"@id\":\"https:\/\/wonderstay.dk\/#website\"},\"datePublished\":\"2025-09-07T21:46:46+00:00\",\"dateModified\":\"2025-09-07T21:47:28+00:00\",\"breadcrumb\":{\"@id\":\"https:\/\/wonderstay.dk\/husregler\/#breadcrumb\"},\"inLanguage\":\"ro-RO\",\"potentialAction\":[{\"@type\":\"ReadAction\",\"target\":[\"https:\/\/wonderstay.dk\/husregler\/\"]}]},{\"@type\":\"BreadcrumbList\",\"@id\":\"https:\/\/wonderstay.dk\/husregler\/#breadcrumb\",\"itemListElement\":[{\"@type\":\"ListItem\",\"position\":1,\"name\":\"Home\",\"item\":\"https:\/\/wonderstay.dk\/\"},{\"@type\":\"ListItem\",\"position\":2,\"name\":\"Husregler\"}]},{\"@type\":\"WebSite\",\"@id\":\"https:\/\/wonderstay.dk\/#website\",\"url\":\"https:\/\/wonderstay.dk\/\",\"name\":\"Wonderstay Housing\",\"description\":\"Wonderstay\",\"potentialAction\":[{\"@type\":\"SearchAction\",\"target\":{\"@type\":\"EntryPoint\",\"urlTemplate\":\"https:\/\/wonderstay.dk\/?s={search_term_string}\"},\"query-input\":{\"@type\":\"PropertyValueSpecification\",\"valueRequired\":true,\"valueName\":\"search_term_string\"}}],\"inLanguage\":\"ro-RO\"}]}<\/script>\n<!-- \/ Yoast SEO plugin. -->","yoast_head_json":{"title":"Regulile casei - Wonderstay Housing","robots":{"index":"index","follow":"follow","max-snippet":"max-snippet:-1","max-image-preview":"max-image-preview:large","max-video-preview":"max-video-preview:-1"},"canonical":"https:\/\/wonderstay.dk\/ro\/regulile-casei\/","og_locale":"ro_RO","og_type":"article","og_title":"Husregler - Wonderstay Housing","og_description":"Husregler \ud83c\udf89 Fester eller arrangementer \u274c Ingen fester eller arrangementer er tilladt. \ud83d\udc36 K\u00e6ledyr \u274c K\u00e6ledyr er ikke tilladt. Uregistrerede g\u00e6ster \u274c [&hellip;]","og_url":"https:\/\/wonderstay.dk\/ro\/regulile-casei\/","og_site_name":"Wonderstay Housing","article_modified_time":"2025-09-07T21:47:28+00:00","twitter_card":"summary_large_image","twitter_misc":{"Timp estimat pentru citire":"1 minut"},"schema":{"@context":"https:\/\/schema.org","@graph":[{"@type":"WebPage","@id":"https:\/\/wonderstay.dk\/husregler\/","url":"https:\/\/wonderstay.dk\/husregler\/","name":"Regulile casei - Wonderstay Housing","isPartOf":{"@id":"https:\/\/wonderstay.dk\/#website"},"datePublished":"2025-09-07T21:46:46+00:00","dateModified":"2025-09-07T21:47:28+00:00","breadcrumb":{"@id":"https:\/\/wonderstay.dk\/husregler\/#breadcrumb"},"inLanguage":"ro-RO","potentialAction":[{"@type":"ReadAction","target":["https:\/\/wonderstay.dk\/husregler\/"]}]},{"@type":"BreadcrumbList","@id":"https:\/\/wonderstay.dk\/husregler\/#breadcrumb","itemListElement":[{"@type":"ListItem","position":1,"name":"Home","item":"https:\/\/wonderstay.dk\/"},{"@type":"ListItem","position":2,"name":"Husregler"}]},{"@type":"WebSite","@id":"https:\/\/wonderstay.dk\/#website","url":"https:\/\/wonderstay.dk\/","name":"Locuin\u021be Wonderstay","description":"Wonderstay","potentialAction":[{"@type":"SearchAction","target":{"@type":"EntryPoint","urlTemplate":"https:\/\/wonderstay.dk\/?s={search_term_string}"},"query-input":{"@type":"PropertyValueSpecification","valueRequired":true,"valueName":"search_term_string"}}],"inLanguage":"ro-RO"}]}},"_links":{"self":[{"href":"https:\/\/wonderstay.dk\/ro\/wp-json\/wp\/v2\/pages\/493","targetHints":{"allow":["GET"]}}],"collection":[{"href":"https:\/\/wonderstay.dk\/ro\/wp-json\/wp\/v2\/pages"}],"about":[{"href":"https:\/\/wonderstay.dk\/ro\/wp-json\/wp\/v2\/types\/page"}],"author":[{"embeddable":true,"href":"https:\/\/wonderstay.dk\/ro\/wp-json\/wp\/v2\/users\/1"}],"replies":[{"embeddable":true,"href":"https:\/\/wonderstay.dk\/ro\/wp-json\/wp\/v2\/comments?post=493"}],"version-history":[{"count":2,"href":"https:\/\/wonderstay.dk\/ro\/wp-json\/wp\/v2\/pages\/493\/revisions"}],"predecessor-version":[{"id":495,"href":"https:\/\/wonderstay.dk\/ro\/wp-json\/wp\/v2\/pages\/493\/revisions\/495"}],"wp:attachment":[{"href":"https:\/\/wonderstay.dk\/ro\/wp-json\/wp\/v2\/media?parent=493"}],"curies":[{"name":"wp","href":"https:\/\/api.w.org\/{rel}","templated":true}]}}