{"id":493,"date":"2025-09-07T21:46:46","date_gmt":"2025-09-07T21:46:46","guid":{"rendered":"https:\/\/wonderstay.dk\/?page_id=493"},"modified":"2025-09-07T21:47:28","modified_gmt":"2025-09-07T21:47:28","slug":"rregullat-e-shtepise","status":"publish","type":"page","link":"https:\/\/wonderstay.dk\/sq\/rregullat-e-shtepise\/","title":{"rendered":"Rregullat e sht\u00ebpis\u00eb"},"content":{"rendered":"<h1 data-pm-slice=\"0 0 []\">Rregullat e sht\u00ebpis\u00eb<\/h1>\n<p data-pm-slice=\"0 0 []\"><strong>\ud83c\udf89 Festa ose evente<\/strong><br \/>\n\u274c Nuk lejohen festa ose evente.<\/p>\n<p><strong>\ud83d\udc36 Kafsh\u00eb sht\u00ebpiake<\/strong><br \/>\n\u274c Kafsh\u00ebt sht\u00ebpiake nuk lejohen.<\/p>\n<p><strong>Vizitor\u00eb t\u00eb paregjistruar<\/strong><br \/>\n\u274c Nuk lejohen mysafir\u00eb t\u00eb paregjistruar.<\/p>\n<p><strong>\ud83d\udd07 Zhurma t\u00eb larta<\/strong><br \/>\n\u274c Nuk lejohen zhurma t\u00eb forta ose muzik\u00eb pas or\u00ebs 21:00.<\/p>\n<p><strong>\ud83d\udc5f K\u00ebpuc\u00eb<\/strong><br \/>\n\u2705 Ju lutemi hiqni k\u00ebpuc\u00ebt n\u00eb hollin e hyrjes.<\/p>\n<p><strong>\ud83d\udc4d Trajtojini gj\u00ebrat si\u00e7 duhet<\/strong><br \/>\n\u2705 Trajtojini gj\u00ebrat si\u00e7 duhet. Kujdesuni p\u00ebr inventarin.<br \/>\n\u274c Mos i zhvendosni mobiljet - dhe n\u00ebse i zhvendosni, ato duhet t\u00eb vendosen p\u00ebrs\u00ebri aty ku ishin kur largoheni nga prona.<\/p>\n<p><strong>\ud83e\uddfc Vendosni en\u00ebt e ndyra n\u00eb lavastovilje<\/strong><br \/>\nKa nj\u00eb lavastovilje. Ju lutemi futni en\u00ebt e ndyra brenda dhe ndizeni makin\u00ebn p\u00ebrpara se t\u00eb largoheni, ose lajini ato me dor\u00eb n\u00eb lavaman.<\/p>\n<p><strong>Ushqim dhe pije<\/strong><br \/>\n\u26a0\ufe0f Ju lutemi mos hani ose pini n\u00eb dhomat e gjumit.<br \/>\n\u2705 Ju lutemi hani n\u00eb tryez\u00ebn e ngr\u00ebnies ose n\u00eb dhom\u00ebn e ndenjes n\u00eb tryez\u00ebn e kafes\u00eb.<\/p>\n<p><strong>\ud83c\udf7a Pije alkoolike<\/strong><br \/>\n\u274c Alkooli nuk lejohet n\u00eb sasi t\u00eb m\u00ebdha. Pirja e tep\u00ebrt e alkoolit nuk lejohet.<\/p>\n<p><strong>Pirja e duhanit<\/strong><br \/>\n\u274c Nuk lejohet pirja e duhanit n\u00eb apartament. Ju mund t\u00eb pini duhan jasht\u00eb n\u00eb hyrje. Sigurohuni q\u00eb dera t\u00eb jet\u00eb e mbyllur.<\/p>\n<p><strong>Regjistrim\/largim i von\u00eb<\/strong><br \/>\n\u26a0\ufe0f Ju lutemi t\u00eb respektoni rregullat e hyrjes dhe daljes.<br \/>\n\u26a0\ufe0f Pyetni m\u00eb par\u00eb prit\u00ebsin p\u00ebr largimin e von\u00eb.<\/p>","protected":false},"excerpt":{"rendered":"<p>Rregullat e Sht\u00ebpis\u00eb \ud83c\udf89 Festa ose Evente \u274c Nuk lejohen festa ose evente. \ud83d\udc36 Kafsh\u00ebt sht\u00ebpiake \u274c Kafsh\u00ebt sht\u00ebpiake nuk lejohen. Vizitor\u00ebt e paregjistruar \u274c [\u2026]<\/p>","protected":false},"author":1,"featured_media":0,"parent":0,"menu_order":0,"comment_status":"closed","ping_status":"closed","template":"","meta":{"footnotes":""},"class_list":["post-493","page","type-page","status-publish","hentry"],"yoast_head":"<!-- This site is optimized with the Yoast SEO plugin v26.6 - https:\/\/yoast.com\/wordpress\/plugins\/seo\/ -->\n<title>Husregler - Wonderstay Housing<\/title>\n<meta name=\"robots\" content=\"index, follow, max-snippet:-1, max-image-preview:large, max-video-preview:-1\" \/>\n<link rel=\"canonical\" href=\"https:\/\/wonderstay.dk\/sq\/rregullat-e-shtepise\/\" \/>\n<meta property=\"og:locale\" content=\"sq_AL\" \/>\n<meta property=\"og:type\" content=\"article\" \/>\n<meta property=\"og:title\" content=\"Husregler - Wonderstay Housing\" \/>\n<meta property=\"og:description\" content=\"Husregler \ud83c\udf89 Fester eller arrangementer \u274c Ingen fester eller arrangementer er tilladt. \ud83d\udc36 K\u00e6ledyr \u274c K\u00e6ledyr er ikke tilladt. Uregistrerede g\u00e6ster \u274c [&hellip;]\" \/>\n<meta property=\"og:url\" content=\"https:\/\/wonderstay.dk\/sq\/rregullat-e-shtepise\/\" \/>\n<meta property=\"og:site_name\" content=\"Wonderstay Housing\" \/>\n<meta property=\"article:modified_time\" content=\"2025-09-07T21:47:28+00:00\" \/>\n<meta name=\"twitter:card\" content=\"summary_large_image\" \/>\n<meta name=\"twitter:label1\" content=\"Est. reading time\" \/>\n\t<meta name=\"twitter:data1\" content=\"1 minut\u00eb\" \/>\n<script type=\"application\/ld+json\" class=\"yoast-schema-graph\">{\"@context\":\"https:\/\/schema.org\",\"@graph\":[{\"@type\":\"WebPage\",\"@id\":\"https:\/\/wonderstay.dk\/husregler\/\",\"url\":\"https:\/\/wonderstay.dk\/husregler\/\",\"name\":\"Husregler - Wonderstay Housing\",\"isPartOf\":{\"@id\":\"https:\/\/wonderstay.dk\/#website\"},\"datePublished\":\"2025-09-07T21:46:46+00:00\",\"dateModified\":\"2025-09-07T21:47:28+00:00\",\"breadcrumb\":{\"@id\":\"https:\/\/wonderstay.dk\/husregler\/#breadcrumb\"},\"inLanguage\":\"sq\",\"potentialAction\":[{\"@type\":\"ReadAction\",\"target\":[\"https:\/\/wonderstay.dk\/husregler\/\"]}]},{\"@type\":\"BreadcrumbList\",\"@id\":\"https:\/\/wonderstay.dk\/husregler\/#breadcrumb\",\"itemListElement\":[{\"@type\":\"ListItem\",\"position\":1,\"name\":\"Home\",\"item\":\"https:\/\/wonderstay.dk\/\"},{\"@type\":\"ListItem\",\"position\":2,\"name\":\"Husregler\"}]},{\"@type\":\"WebSite\",\"@id\":\"https:\/\/wonderstay.dk\/#website\",\"url\":\"https:\/\/wonderstay.dk\/\",\"name\":\"Wonderstay Housing\",\"description\":\"Wonderstay\",\"potentialAction\":[{\"@type\":\"SearchAction\",\"target\":{\"@type\":\"EntryPoint\",\"urlTemplate\":\"https:\/\/wonderstay.dk\/?s={search_term_string}\"},\"query-input\":{\"@type\":\"PropertyValueSpecification\",\"valueRequired\":true,\"valueName\":\"search_term_string\"}}],\"inLanguage\":\"sq\"}]}<\/script>\n<!-- \/ Yoast SEO plugin. -->","yoast_head_json":{"title":"Rregullat e Sht\u00ebpis\u00eb - Wonderstay Housing","robots":{"index":"index","follow":"follow","max-snippet":"max-snippet:-1","max-image-preview":"max-image-preview:large","max-video-preview":"max-video-preview:-1"},"canonical":"https:\/\/wonderstay.dk\/sq\/rregullat-e-shtepise\/","og_locale":"sq_AL","og_type":"article","og_title":"Husregler - Wonderstay Housing","og_description":"Husregler \ud83c\udf89 Fester eller arrangementer \u274c Ingen fester eller arrangementer er tilladt. \ud83d\udc36 K\u00e6ledyr \u274c K\u00e6ledyr er ikke tilladt. Uregistrerede g\u00e6ster \u274c [&hellip;]","og_url":"https:\/\/wonderstay.dk\/sq\/rregullat-e-shtepise\/","og_site_name":"Wonderstay Housing","article_modified_time":"2025-09-07T21:47:28+00:00","twitter_card":"summary_large_image","twitter_misc":{"Est. reading time":"1 minut\u00eb"},"schema":{"@context":"https:\/\/schema.org","@graph":[{"@type":"WebPage","@id":"https:\/\/wonderstay.dk\/husregler\/","url":"https:\/\/wonderstay.dk\/husregler\/","name":"Rregullat e Sht\u00ebpis\u00eb - Wonderstay Housing","isPartOf":{"@id":"https:\/\/wonderstay.dk\/#website"},"datePublished":"2025-09-07T21:46:46+00:00","dateModified":"2025-09-07T21:47:28+00:00","breadcrumb":{"@id":"https:\/\/wonderstay.dk\/husregler\/#breadcrumb"},"inLanguage":"sq","potentialAction":[{"@type":"ReadAction","target":["https:\/\/wonderstay.dk\/husregler\/"]}]},{"@type":"BreadcrumbList","@id":"https:\/\/wonderstay.dk\/husregler\/#breadcrumb","itemListElement":[{"@type":"ListItem","position":1,"name":"Home","item":"https:\/\/wonderstay.dk\/"},{"@type":"ListItem","position":2,"name":"Husregler"}]},{"@type":"WebSite","@id":"https:\/\/wonderstay.dk\/#website","url":"https:\/\/wonderstay.dk\/","name":"Wonderstay Housing","description":"Wonderstay","potentialAction":[{"@type":"SearchAction","target":{"@type":"EntryPoint","urlTemplate":"https:\/\/wonderstay.dk\/?s={search_term_string}"},"query-input":{"@type":"PropertyValueSpecification","valueRequired":true,"valueName":"search_term_string"}}],"inLanguage":"sq"}]}},"_links":{"self":[{"href":"https:\/\/wonderstay.dk\/sq\/wp-json\/wp\/v2\/pages\/493","targetHints":{"allow":["GET"]}}],"collection":[{"href":"https:\/\/wonderstay.dk\/sq\/wp-json\/wp\/v2\/pages"}],"about":[{"href":"https:\/\/wonderstay.dk\/sq\/wp-json\/wp\/v2\/types\/page"}],"author":[{"embeddable":true,"href":"https:\/\/wonderstay.dk\/sq\/wp-json\/wp\/v2\/users\/1"}],"replies":[{"embeddable":true,"href":"https:\/\/wonderstay.dk\/sq\/wp-json\/wp\/v2\/comments?post=493"}],"version-history":[{"count":2,"href":"https:\/\/wonderstay.dk\/sq\/wp-json\/wp\/v2\/pages\/493\/revisions"}],"predecessor-version":[{"id":495,"href":"https:\/\/wonderstay.dk\/sq\/wp-json\/wp\/v2\/pages\/493\/revisions\/495"}],"wp:attachment":[{"href":"https:\/\/wonderstay.dk\/sq\/wp-json\/wp\/v2\/media?parent=493"}],"curies":[{"name":"wp","href":"https:\/\/api.w.org\/{rel}","templated":true}]}}