{"id":493,"date":"2025-09-07T21:46:46","date_gmt":"2025-09-07T21:46:46","guid":{"rendered":"https:\/\/wonderstay.dk\/?page_id=493"},"modified":"2025-09-07T21:47:28","modified_gmt":"2025-09-07T21:47:28","slug":"husregler","status":"publish","type":"page","link":"https:\/\/wonderstay.dk\/sv\/husregler\/","title":{"rendered":"Husets regler"},"content":{"rendered":"<h1 data-pm-slice=\"0 0 []\">Husets regler<\/h1>\n<p data-pm-slice=\"0 0 []\"><strong>\ud83c\udf89 Fester eller evenemang<\/strong><br \/>\n\u274c Inga fester eller evenemang \u00e4r till\u00e5tna.<\/p>\n<p><strong>\ud83d\udc36 Husdjur<\/strong><br \/>\n\u274c Husdjur \u00e4r inte till\u00e5tna.<\/p>\n<p><strong>Oregistrerade g\u00e4ster<\/strong><br \/>\n\u274c Oregistrerade g\u00e4ster \u00e4r inte till\u00e5tna.<\/p>\n<p><strong>\ud83d\udd07 H\u00f6ga ljud<\/strong><br \/>\n\u274c Inga h\u00f6ga ljud eller musik efter kl. 21.00.<\/p>\n<p><strong>\ud83d\udc5f Skor<\/strong><br \/>\n\u2705 V\u00e4nligen ta av dig skorna i entr\u00e9n.<\/p>\n<p><strong>\ud83d\udc4d Behandla saker p\u00e5 r\u00e4tt s\u00e4tt<\/strong><br \/>\n\u2705 Behandla saker p\u00e5 r\u00e4tt s\u00e4tt. Ta hand om inventarierna.<br \/>\n\u274c Flytta inte runt m\u00f6bler - och om du g\u00f6r det, st\u00e4ll tillbaka dem d\u00e4r de stod n\u00e4r du l\u00e4mnar bostaden.<\/p>\n<p><strong>\ud83e\uddfc St\u00e4ll in smutsigt porslin i diskmaskinen<\/strong><br \/>\nDet finns en diskmaskin. Fyll p\u00e5 det smutsiga porslinet och starta maskinen innan du l\u00e4mnar eller diska det f\u00f6r hand i diskb\u00e4nken.<\/p>\n<p><strong>Mat och dryck<\/strong><br \/>\n\u26a0\ufe0f V\u00e4nligen \u00e4t och drick inte i sovrummen.<br \/>\n\u2705 V\u00e4nligen \u00e4t vid matbordet eller i vardagsrummet vid soffbordet.<\/p>\n<p><strong>\ud83c\udf7a Alkoholhaltiga drycker<\/strong><br \/>\n\u274c Alkohol \u00e4r inte till\u00e5tet i stora m\u00e4ngder. \u00d6verdriven alkoholkonsumtion \u00e4r inte till\u00e5ten.<\/p>\n<p><strong>R\u00f6kning<\/strong><br \/>\n\u274c R\u00f6kning \u00e4r inte till\u00e5ten i l\u00e4genheten. Du kan r\u00f6ka utanf\u00f6r vid entr\u00e9n. Se till att d\u00f6rren \u00e4r st\u00e4ngd.<\/p>\n<p><strong>Sen incheckning\/utcheckning<\/strong><br \/>\n\u26a0\ufe0f V\u00e4nligen respektera reglerna f\u00f6r incheckning och utcheckning.<br \/>\n\u26a0\ufe0f Fr\u00e5ga v\u00e4rden f\u00f6rst om sen utcheckning.<\/p>","protected":false},"excerpt":{"rendered":"<p>Husregler \ud83c\udf89 Fester eller evenemang \u274c Inga fester eller evenemang till\u00e5tna. \ud83d\udc36 Husdjur \u274c Husdjur \u00e4r inte till\u00e5tna. Oregistrerade g\u00e4ster \u274c [\u2026]<\/p>","protected":false},"author":1,"featured_media":0,"parent":0,"menu_order":0,"comment_status":"closed","ping_status":"closed","template":"","meta":{"footnotes":""},"class_list":["post-493","page","type-page","status-publish","hentry"],"yoast_head":"<!-- This site is optimized with the Yoast SEO plugin v26.6 - https:\/\/yoast.com\/wordpress\/plugins\/seo\/ -->\n<title>Husregler - Wonderstay Housing<\/title>\n<meta name=\"robots\" content=\"index, follow, max-snippet:-1, max-image-preview:large, max-video-preview:-1\" \/>\n<link rel=\"canonical\" href=\"https:\/\/wonderstay.dk\/sv\/husregler\/\" \/>\n<meta property=\"og:locale\" content=\"sv_SE\" \/>\n<meta property=\"og:type\" content=\"article\" \/>\n<meta property=\"og:title\" content=\"Husregler - Wonderstay Housing\" \/>\n<meta property=\"og:description\" content=\"Husregler \ud83c\udf89 Fester eller arrangementer \u274c Ingen fester eller arrangementer er tilladt. \ud83d\udc36 K\u00e6ledyr \u274c K\u00e6ledyr er ikke tilladt. Uregistrerede g\u00e6ster \u274c [&hellip;]\" \/>\n<meta property=\"og:url\" content=\"https:\/\/wonderstay.dk\/sv\/husregler\/\" \/>\n<meta property=\"og:site_name\" content=\"Wonderstay Housing\" \/>\n<meta property=\"article:modified_time\" content=\"2025-09-07T21:47:28+00:00\" \/>\n<meta name=\"twitter:card\" content=\"summary_large_image\" \/>\n<meta name=\"twitter:label1\" content=\"Ber\u00e4knad l\u00e4stid\" \/>\n\t<meta name=\"twitter:data1\" content=\"1 minut\" \/>\n<script type=\"application\/ld+json\" class=\"yoast-schema-graph\">{\"@context\":\"https:\/\/schema.org\",\"@graph\":[{\"@type\":\"WebPage\",\"@id\":\"https:\/\/wonderstay.dk\/husregler\/\",\"url\":\"https:\/\/wonderstay.dk\/husregler\/\",\"name\":\"Husregler - Wonderstay Housing\",\"isPartOf\":{\"@id\":\"https:\/\/wonderstay.dk\/#website\"},\"datePublished\":\"2025-09-07T21:46:46+00:00\",\"dateModified\":\"2025-09-07T21:47:28+00:00\",\"breadcrumb\":{\"@id\":\"https:\/\/wonderstay.dk\/husregler\/#breadcrumb\"},\"inLanguage\":\"sv-SE\",\"potentialAction\":[{\"@type\":\"ReadAction\",\"target\":[\"https:\/\/wonderstay.dk\/husregler\/\"]}]},{\"@type\":\"BreadcrumbList\",\"@id\":\"https:\/\/wonderstay.dk\/husregler\/#breadcrumb\",\"itemListElement\":[{\"@type\":\"ListItem\",\"position\":1,\"name\":\"Home\",\"item\":\"https:\/\/wonderstay.dk\/\"},{\"@type\":\"ListItem\",\"position\":2,\"name\":\"Husregler\"}]},{\"@type\":\"WebSite\",\"@id\":\"https:\/\/wonderstay.dk\/#website\",\"url\":\"https:\/\/wonderstay.dk\/\",\"name\":\"Wonderstay Housing\",\"description\":\"Wonderstay\",\"potentialAction\":[{\"@type\":\"SearchAction\",\"target\":{\"@type\":\"EntryPoint\",\"urlTemplate\":\"https:\/\/wonderstay.dk\/?s={search_term_string}\"},\"query-input\":{\"@type\":\"PropertyValueSpecification\",\"valueRequired\":true,\"valueName\":\"search_term_string\"}}],\"inLanguage\":\"sv-SE\"}]}<\/script>\n<!-- \/ Yoast SEO plugin. -->","yoast_head_json":{"title":"Husregler - Wonderstay Housing","robots":{"index":"index","follow":"follow","max-snippet":"max-snippet:-1","max-image-preview":"max-image-preview:large","max-video-preview":"max-video-preview:-1"},"canonical":"https:\/\/wonderstay.dk\/sv\/husregler\/","og_locale":"sv_SE","og_type":"article","og_title":"Husregler - Wonderstay Housing","og_description":"Husregler \ud83c\udf89 Fester eller arrangementer \u274c Ingen fester eller arrangementer er tilladt. \ud83d\udc36 K\u00e6ledyr \u274c K\u00e6ledyr er ikke tilladt. Uregistrerede g\u00e6ster \u274c [&hellip;]","og_url":"https:\/\/wonderstay.dk\/sv\/husregler\/","og_site_name":"Wonderstay Housing","article_modified_time":"2025-09-07T21:47:28+00:00","twitter_card":"summary_large_image","twitter_misc":{"Ber\u00e4knad l\u00e4stid":"1 minut"},"schema":{"@context":"https:\/\/schema.org","@graph":[{"@type":"WebPage","@id":"https:\/\/wonderstay.dk\/husregler\/","url":"https:\/\/wonderstay.dk\/husregler\/","name":"Husregler - Wonderstay Housing","isPartOf":{"@id":"https:\/\/wonderstay.dk\/#website"},"datePublished":"2025-09-07T21:46:46+00:00","dateModified":"2025-09-07T21:47:28+00:00","breadcrumb":{"@id":"https:\/\/wonderstay.dk\/husregler\/#breadcrumb"},"inLanguage":"sv-SE","potentialAction":[{"@type":"ReadAction","target":["https:\/\/wonderstay.dk\/husregler\/"]}]},{"@type":"BreadcrumbList","@id":"https:\/\/wonderstay.dk\/husregler\/#breadcrumb","itemListElement":[{"@type":"ListItem","position":1,"name":"Home","item":"https:\/\/wonderstay.dk\/"},{"@type":"ListItem","position":2,"name":"Husregler"}]},{"@type":"WebSite","@id":"https:\/\/wonderstay.dk\/#website","url":"https:\/\/wonderstay.dk\/","name":"Wonderstay Bost\u00e4der","description":"Wonderstay","potentialAction":[{"@type":"SearchAction","target":{"@type":"EntryPoint","urlTemplate":"https:\/\/wonderstay.dk\/?s={search_term_string}"},"query-input":{"@type":"PropertyValueSpecification","valueRequired":true,"valueName":"search_term_string"}}],"inLanguage":"sv-SE"}]}},"_links":{"self":[{"href":"https:\/\/wonderstay.dk\/sv\/wp-json\/wp\/v2\/pages\/493","targetHints":{"allow":["GET"]}}],"collection":[{"href":"https:\/\/wonderstay.dk\/sv\/wp-json\/wp\/v2\/pages"}],"about":[{"href":"https:\/\/wonderstay.dk\/sv\/wp-json\/wp\/v2\/types\/page"}],"author":[{"embeddable":true,"href":"https:\/\/wonderstay.dk\/sv\/wp-json\/wp\/v2\/users\/1"}],"replies":[{"embeddable":true,"href":"https:\/\/wonderstay.dk\/sv\/wp-json\/wp\/v2\/comments?post=493"}],"version-history":[{"count":2,"href":"https:\/\/wonderstay.dk\/sv\/wp-json\/wp\/v2\/pages\/493\/revisions"}],"predecessor-version":[{"id":495,"href":"https:\/\/wonderstay.dk\/sv\/wp-json\/wp\/v2\/pages\/493\/revisions\/495"}],"wp:attachment":[{"href":"https:\/\/wonderstay.dk\/sv\/wp-json\/wp\/v2\/media?parent=493"}],"curies":[{"name":"wp","href":"https:\/\/api.w.org\/{rel}","templated":true}]}}